{"id":6821,"date":"2024-12-11T06:02:54","date_gmt":"2024-12-11T06:02:54","guid":{"rendered":"https:\/\/crmindalo.com\/pac\/?page_id=6821"},"modified":"2024-12-13T14:59:42","modified_gmt":"2024-12-13T14:59:42","slug":"dnj-juventudes","status":"publish","type":"page","link":"https:\/\/crmindalo.com\/pac\/dnj-juventudes\/","title":{"rendered":"DNJ &#8211; Juventudes"},"content":{"rendered":"\t\t<div data-elementor-type=\"wp-page\" data-elementor-id=\"6821\" class=\"elementor elementor-6821\">\n\t\t\t\t\t\t<section class=\"elementor-section elementor-top-section elementor-element elementor-element-58a86eb elementor-section-boxed elementor-section-height-default elementor-section-height-default\" data-id=\"58a86eb\" data-element_type=\"section\">\n\t\t\t\t\t\t<div class=\"elementor-container elementor-column-gap-default\">\n\t\t\t\t\t<div class=\"elementor-column elementor-col-50 elementor-top-column elementor-element elementor-element-85356d1\" data-id=\"85356d1\" data-element_type=\"column\">\n\t\t\t<div class=\"elementor-widget-wrap elementor-element-populated\">\n\t\t\t\t\t\t<div class=\"elementor-element elementor-element-cea34c0 elementor-invisible elementor-widget elementor-widget-image\" data-id=\"cea34c0\" data-element_type=\"widget\" data-settings=\"{&quot;_animation&quot;:&quot;fadeInLeft&quot;}\" data-widget_type=\"image.default\">\n\t\t\t\t<div class=\"elementor-widget-container\">\n\t\t\t\t\t\t\t\t\t\t\t\t\t<img fetchpriority=\"high\" decoding=\"async\" width=\"600\" height=\"505\" src=\"https:\/\/crmindalo.com\/pac\/wp-content\/uploads\/2024\/12\/juventudes-principal.jpg\" class=\"attachment-full size-full wp-image-6834\" alt=\"\" srcset=\"https:\/\/crmindalo.com\/pac\/wp-content\/uploads\/2024\/12\/juventudes-principal.jpg 600w, https:\/\/crmindalo.com\/pac\/wp-content\/uploads\/2024\/12\/juventudes-principal-300x253.jpg 300w, https:\/\/crmindalo.com\/pac\/wp-content\/uploads\/2024\/12\/juventudes-principal-560x471.jpg 560w\" sizes=\"(max-width: 600px) 100vw, 600px\" \/>\t\t\t\t\t\t\t\t\t\t\t\t\t<\/div>\n\t\t\t\t<\/div>\n\t\t\t\t<div class=\"elementor-element elementor-element-0d46d26 elementor-widget__width-inherit elementor-absolute elementor-widget-tablet__width-inherit elementor-hidden-phone elementor-invisible elementor-widget elementor-widget-image\" data-id=\"0d46d26\" data-element_type=\"widget\" data-settings=\"{&quot;_position&quot;:&quot;absolute&quot;,&quot;_animation&quot;:&quot;fadeInUp&quot;}\" data-widget_type=\"image.default\">\n\t\t\t\t<div class=\"elementor-widget-container\">\n\t\t\t\t\t\t\t\t\t\t\t\t\t<img decoding=\"async\" width=\"375\" height=\"306\" src=\"https:\/\/crmindalo.com\/pac\/wp-content\/uploads\/2024\/12\/juventudes-pac-1.jpg\" class=\"attachment-full size-full wp-image-6833\" alt=\"\" srcset=\"https:\/\/crmindalo.com\/pac\/wp-content\/uploads\/2024\/12\/juventudes-pac-1.jpg 375w, https:\/\/crmindalo.com\/pac\/wp-content\/uploads\/2024\/12\/juventudes-pac-1-300x245.jpg 300w\" sizes=\"(max-width: 375px) 100vw, 375px\" \/>\t\t\t\t\t\t\t\t\t\t\t\t\t<\/div>\n\t\t\t\t<\/div>\n\t\t\t\t\t<\/div>\n\t\t<\/div>\n\t\t\t\t<div class=\"elementor-column elementor-col-50 elementor-top-column elementor-element elementor-element-e65de32\" data-id=\"e65de32\" data-element_type=\"column\">\n\t\t\t<div class=\"elementor-widget-wrap elementor-element-populated\">\n\t\t\t\t\t\t<div class=\"elementor-element elementor-element-4710570 elementor-widget elementor-widget-heading\" data-id=\"4710570\" data-element_type=\"widget\" data-widget_type=\"heading.default\">\n\t\t\t\t<div class=\"elementor-widget-container\">\n\t\t\t<h2 class=\"elementor-heading-title elementor-size-default\">Empoderando el futuro <br>de Costa Rica<\/h2>\t\t<\/div>\n\t\t\t\t<\/div>\n\t\t\t\t<div class=\"elementor-element elementor-element-aec82ec elementor-widget elementor-widget-text-editor\" data-id=\"aec82ec\" data-element_type=\"widget\" data-widget_type=\"text-editor.default\">\n\t\t\t\t<div class=\"elementor-widget-container\">\n\t\t\t\t\t\t\t<p><span style=\"color: #202b5d;\">En los \u00faltimos a\u00f1os, las juventudes AC hemos sido agentes clave en la construcci\u00f3n de una Costa Rica inclusiva, equitativa y solidaria<\/span><\/p>\t\t\t\t\t\t<\/div>\n\t\t\t\t<\/div>\n\t\t\t\t<div class=\"elementor-element elementor-element-31be6c2 elementor-widget elementor-widget-text-editor\" data-id=\"31be6c2\" data-element_type=\"widget\" data-widget_type=\"text-editor.default\">\n\t\t\t\t<div class=\"elementor-widget-container\">\n\t\t\t\t\t\t\t<span style=\"color: #62718d;\">Por medio de la participaci\u00f3n activa, la innovaci\u00f3n tecnol\u00f3gica y el compromiso social, aspiramos a ser protagonistas en los espacios pol\u00edticos, comunales y educativos. Nos fortalecemos cada d\u00eda para garantizar la incidencia efectiva de las juventudes.<br><br>\nNuestro trabajo se enfoca en la transparencia, el respeto a los Derechos Humanos y el fortalecimiento de liderazgos j\u00f3venes. As\u00ed, construimos una juventud descentralizada, diversa y democr\u00e1tica, con estructuras consolidadas para el futuro.\n<\/span>\n\n\t\t\t\t\t\t<\/div>\n\t\t\t\t<\/div>\n\t\t\t\t\t<\/div>\n\t\t<\/div>\n\t\t\t\t\t<\/div>\n\t\t<\/section>\n\t\t\t\t<section class=\"elementor-section elementor-top-section elementor-element elementor-element-9b70712 elementor-section-boxed elementor-section-height-default elementor-section-height-default\" data-id=\"9b70712\" data-element_type=\"section\">\n\t\t\t\t\t\t<div class=\"elementor-container elementor-column-gap-default\">\n\t\t\t\t\t<div class=\"elementor-column elementor-col-100 elementor-top-column elementor-element elementor-element-183c5c1\" data-id=\"183c5c1\" data-element_type=\"column\">\n\t\t\t<div class=\"elementor-widget-wrap elementor-element-populated\">\n\t\t\t\t\t\t<div class=\"elementor-element elementor-element-f3aa93b elementor-widget elementor-widget-ova_heading\" data-id=\"f3aa93b\" data-element_type=\"widget\" data-widget_type=\"ova_heading.default\">\n\t\t\t\t<div class=\"elementor-widget-container\">\n\t\t\t\t\t<div class=\"ova-heading\">\n\t\t\t\n\t\t\t\t\t\t\t<h3 class=\"title second_font\">Nuestro Directorio Nacional<\/h3>\n\t\t\t\n\t\t\t\t\t\t\t<p class=\"sub-title \">Nuestro Directorio Nacional de Juventudes AC destaca por su capacidad de liderazgo, compromiso con los valores democr\u00e1ticos y su enfoque en la innovaci\u00f3n social.<\/p>\n\t\t\t\n\t\t<\/div>\n\t\t\t\t<\/div>\n\t\t\t\t<\/div>\n\t\t<div class=\"elementor-element elementor-element-87c9adb e-grid e-con-boxed e-con e-parent\" data-id=\"87c9adb\" data-element_type=\"container\">\n\t\t\t\t\t<div class=\"e-con-inner\">\n\t\t\t\t<div class=\"elementor-element elementor-element-5122412 elementor-widget elementor-widget-image\" data-id=\"5122412\" data-element_type=\"widget\" data-widget_type=\"image.default\">\n\t\t\t\t<div class=\"elementor-widget-container\">\n\t\t\t\t\t\t\t\t\t\t\t\t\t\t<a href=\"https:\/\/crmindalo.com\/pac\/wp-content\/uploads\/2024\/12\/alejandra-presidenta.jpg\" data-elementor-open-lightbox=\"yes\" data-elementor-lightbox-title=\"alejandra-presidenta\" data-e-action-hash=\"#elementor-action%3Aaction%3Dlightbox%26settings%3DeyJpZCI6Njg3MiwidXJsIjoiaHR0cHM6XC9cL2NybWluZGFsby5jb21cL3BhY1wvd3AtY29udGVudFwvdXBsb2Fkc1wvMjAyNFwvMTJcL2FsZWphbmRyYS1wcmVzaWRlbnRhLmpwZyJ9\">\n\t\t\t\t\t\t\t<img decoding=\"async\" width=\"1000\" height=\"1000\" src=\"https:\/\/crmindalo.com\/pac\/wp-content\/uploads\/2024\/12\/alejandra-presidenta.jpg\" class=\"attachment-large size-large wp-image-6872\" alt=\"\" srcset=\"https:\/\/crmindalo.com\/pac\/wp-content\/uploads\/2024\/12\/alejandra-presidenta.jpg 1000w, https:\/\/crmindalo.com\/pac\/wp-content\/uploads\/2024\/12\/alejandra-presidenta-300x300.jpg 300w, https:\/\/crmindalo.com\/pac\/wp-content\/uploads\/2024\/12\/alejandra-presidenta-150x150.jpg 150w, https:\/\/crmindalo.com\/pac\/wp-content\/uploads\/2024\/12\/alejandra-presidenta-768x768.jpg 768w, https:\/\/crmindalo.com\/pac\/wp-content\/uploads\/2024\/12\/alejandra-presidenta-600x600.jpg 600w, https:\/\/crmindalo.com\/pac\/wp-content\/uploads\/2024\/12\/alejandra-presidenta-560x560.jpg 560w, https:\/\/crmindalo.com\/pac\/wp-content\/uploads\/2024\/12\/alejandra-presidenta-100x100.jpg 100w\" sizes=\"(max-width: 1000px) 100vw, 1000px\" \/>\t\t\t\t\t\t\t\t<\/a>\n\t\t\t\t\t\t\t\t\t\t\t\t\t<\/div>\n\t\t\t\t<\/div>\n\t\t\t\t<div class=\"elementor-element elementor-element-6dfd5c5 elementor-widget elementor-widget-image\" data-id=\"6dfd5c5\" data-element_type=\"widget\" data-widget_type=\"image.default\">\n\t\t\t\t<div class=\"elementor-widget-container\">\n\t\t\t\t\t\t\t\t\t\t\t\t\t\t<a href=\"https:\/\/crmindalo.com\/pac\/wp-content\/uploads\/2024\/12\/andrea-vicepresidenta.jpg\" data-elementor-open-lightbox=\"yes\" data-elementor-lightbox-title=\"andrea-vicepresidenta\" data-e-action-hash=\"#elementor-action%3Aaction%3Dlightbox%26settings%3DeyJpZCI6Njg3MywidXJsIjoiaHR0cHM6XC9cL2NybWluZGFsby5jb21cL3BhY1wvd3AtY29udGVudFwvdXBsb2Fkc1wvMjAyNFwvMTJcL2FuZHJlYS12aWNlcHJlc2lkZW50YS5qcGcifQ%3D%3D\">\n\t\t\t\t\t\t\t<img loading=\"lazy\" decoding=\"async\" width=\"1000\" height=\"1000\" src=\"https:\/\/crmindalo.com\/pac\/wp-content\/uploads\/2024\/12\/andrea-vicepresidenta.jpg\" class=\"attachment-large size-large wp-image-6873\" alt=\"\" srcset=\"https:\/\/crmindalo.com\/pac\/wp-content\/uploads\/2024\/12\/andrea-vicepresidenta.jpg 1000w, https:\/\/crmindalo.com\/pac\/wp-content\/uploads\/2024\/12\/andrea-vicepresidenta-300x300.jpg 300w, https:\/\/crmindalo.com\/pac\/wp-content\/uploads\/2024\/12\/andrea-vicepresidenta-150x150.jpg 150w, https:\/\/crmindalo.com\/pac\/wp-content\/uploads\/2024\/12\/andrea-vicepresidenta-768x768.jpg 768w, https:\/\/crmindalo.com\/pac\/wp-content\/uploads\/2024\/12\/andrea-vicepresidenta-600x600.jpg 600w, https:\/\/crmindalo.com\/pac\/wp-content\/uploads\/2024\/12\/andrea-vicepresidenta-560x560.jpg 560w, https:\/\/crmindalo.com\/pac\/wp-content\/uploads\/2024\/12\/andrea-vicepresidenta-100x100.jpg 100w\" sizes=\"(max-width: 1000px) 100vw, 1000px\" \/>\t\t\t\t\t\t\t\t<\/a>\n\t\t\t\t\t\t\t\t\t\t\t\t\t<\/div>\n\t\t\t\t<\/div>\n\t\t\t\t<div class=\"elementor-element elementor-element-d64bb9b elementor-widget elementor-widget-image\" data-id=\"d64bb9b\" data-element_type=\"widget\" data-widget_type=\"image.default\">\n\t\t\t\t<div class=\"elementor-widget-container\">\n\t\t\t\t\t\t\t\t\t\t\t\t\t\t<a href=\"https:\/\/crmindalo.com\/pac\/wp-content\/uploads\/2024\/12\/priscilla-tesorera.jpg\" data-elementor-open-lightbox=\"yes\" data-elementor-lightbox-title=\"priscilla-tesorera\" data-e-action-hash=\"#elementor-action%3Aaction%3Dlightbox%26settings%3DeyJpZCI6Njg3NywidXJsIjoiaHR0cHM6XC9cL2NybWluZGFsby5jb21cL3BhY1wvd3AtY29udGVudFwvdXBsb2Fkc1wvMjAyNFwvMTJcL3ByaXNjaWxsYS10ZXNvcmVyYS5qcGcifQ%3D%3D\">\n\t\t\t\t\t\t\t<img loading=\"lazy\" decoding=\"async\" width=\"1000\" height=\"1000\" src=\"https:\/\/crmindalo.com\/pac\/wp-content\/uploads\/2024\/12\/priscilla-tesorera.jpg\" class=\"attachment-large size-large wp-image-6877\" alt=\"\" srcset=\"https:\/\/crmindalo.com\/pac\/wp-content\/uploads\/2024\/12\/priscilla-tesorera.jpg 1000w, https:\/\/crmindalo.com\/pac\/wp-content\/uploads\/2024\/12\/priscilla-tesorera-300x300.jpg 300w, https:\/\/crmindalo.com\/pac\/wp-content\/uploads\/2024\/12\/priscilla-tesorera-150x150.jpg 150w, https:\/\/crmindalo.com\/pac\/wp-content\/uploads\/2024\/12\/priscilla-tesorera-768x768.jpg 768w, https:\/\/crmindalo.com\/pac\/wp-content\/uploads\/2024\/12\/priscilla-tesorera-600x600.jpg 600w, https:\/\/crmindalo.com\/pac\/wp-content\/uploads\/2024\/12\/priscilla-tesorera-560x560.jpg 560w, https:\/\/crmindalo.com\/pac\/wp-content\/uploads\/2024\/12\/priscilla-tesorera-100x100.jpg 100w\" sizes=\"(max-width: 1000px) 100vw, 1000px\" \/>\t\t\t\t\t\t\t\t<\/a>\n\t\t\t\t\t\t\t\t\t\t\t\t\t<\/div>\n\t\t\t\t<\/div>\n\t\t\t\t\t<\/div>\n\t\t\t\t<\/div>\n\t\t\t\t\t<\/div>\n\t\t<\/div>\n\t\t\t\t\t<\/div>\n\t\t<\/section>\n\t\t\t\t<section class=\"elementor-section elementor-top-section elementor-element elementor-element-3e7bb97 egovt-section-column-1370px elementor-section-boxed elementor-section-height-default elementor-section-height-default\" data-id=\"3e7bb97\" data-element_type=\"section\">\n\t\t\t\t\t\t<div class=\"elementor-container elementor-column-gap-default\">\n\t\t\t\t\t<div class=\"elementor-column elementor-col-100 elementor-top-column elementor-element elementor-element-78b877e\" data-id=\"78b877e\" data-element_type=\"column\" data-settings=\"{&quot;background_background&quot;:&quot;classic&quot;}\">\n\t\t\t<div class=\"elementor-widget-wrap elementor-element-populated\">\n\t\t\t\t\t\t<div class=\"elementor-element elementor-element-561a5a2 elementor-widget elementor-widget-ova_heading\" data-id=\"561a5a2\" data-element_type=\"widget\" data-widget_type=\"ova_heading.default\">\n\t\t\t\t<div class=\"elementor-widget-container\">\n\t\t\t\t\t<div class=\"ova-heading\">\n\t\t\t\n\t\t\t\t\t\t\t<h3 class=\"title second_font\">\u00a1Inf\u00f3rmate y act\u00faa!<\/h3>\n\t\t\t\n\t\t\t\t\t\t\t<p class=\"sub-title \">Cont\u00e1ctanos para descubrir c\u00f3mo puedes ser parte del cambio y contribuir al futuro de Costa Rica.<\/p>\n\t\t\t\n\t\t<\/div>\n\t\t\t\t<\/div>\n\t\t\t\t<\/div>\n\t\t\t\t<div class=\"elementor-element elementor-element-8d9f69b elementor-align-center egovt_button elementor-widget elementor-widget-button\" data-id=\"8d9f69b\" data-element_type=\"widget\" data-widget_type=\"button.default\">\n\t\t\t\t<div class=\"elementor-widget-container\">\n\t\t\t\t\t\t\t<div class=\"elementor-button-wrapper\">\n\t\t\t\t\t<a class=\"elementor-button elementor-button-link elementor-size-sm\" href=\"https:\/\/demo.ovatheme.com\/egovt\/become-a-volunteer\/\">\n\t\t\t\t\t\t<span class=\"elementor-button-content-wrapper\">\n\t\t\t\t\t\t\t\t\t<span class=\"elementor-button-text\">Cont\u00e1ctanos<\/span>\n\t\t\t\t\t<\/span>\n\t\t\t\t\t<\/a>\n\t\t\t\t<\/div>\n\t\t\t\t\t\t<\/div>\n\t\t\t\t<\/div>\n\t\t\t\t\t<\/div>\n\t\t<\/div>\n\t\t\t\t\t<\/div>\n\t\t<\/section>\n\t\t<div class=\"elementor-element elementor-element-75b1d1a e-flex e-con-boxed e-con e-parent\" data-id=\"75b1d1a\" data-element_type=\"container\">\n\t\t\t\t\t<div class=\"e-con-inner\">\n\t\t\t\t<div class=\"elementor-element elementor-element-06bbbc8 elementor-widget elementor-widget-spacer\" data-id=\"06bbbc8\" data-element_type=\"widget\" data-widget_type=\"spacer.default\">\n\t\t\t\t<div class=\"elementor-widget-container\">\n\t\t\t\t\t<div class=\"elementor-spacer\">\n\t\t\t<div class=\"elementor-spacer-inner\"><\/div>\n\t\t<\/div>\n\t\t\t\t<\/div>\n\t\t\t\t<\/div>\n\t\t\t\t\t<\/div>\n\t\t\t\t<\/div>\n\t\t\t\t<\/div>\n\t\t","protected":false},"excerpt":{"rendered":"<p>Empoderando el futuro de Costa Rica En los \u00faltimos a\u00f1os, las juventudes AC hemos sido agentes clave en la construcci\u00f3n de una Costa Rica inclusiva, equitativa y solidaria Por medio de la participaci\u00f3n activa, la innovaci\u00f3n tecnol\u00f3gica y el compromiso social, aspiramos a ser protagonistas en los espacios pol\u00edticos, comunales y educativos. Nos fortalecemos cada [&hellip;]<\/p>\n","protected":false},"author":1,"featured_media":352,"parent":0,"menu_order":0,"comment_status":"closed","ping_status":"closed","template":"elementor_header_footer","meta":{"footnotes":""},"class_list":["post-6821","page","type-page","status-publish","has-post-thumbnail","hentry"],"_links":{"self":[{"href":"https:\/\/crmindalo.com\/pac\/wp-json\/wp\/v2\/pages\/6821","targetHints":{"allow":["GET"]}}],"collection":[{"href":"https:\/\/crmindalo.com\/pac\/wp-json\/wp\/v2\/pages"}],"about":[{"href":"https:\/\/crmindalo.com\/pac\/wp-json\/wp\/v2\/types\/page"}],"author":[{"embeddable":true,"href":"https:\/\/crmindalo.com\/pac\/wp-json\/wp\/v2\/users\/1"}],"replies":[{"embeddable":true,"href":"https:\/\/crmindalo.com\/pac\/wp-json\/wp\/v2\/comments?post=6821"}],"version-history":[{"count":46,"href":"https:\/\/crmindalo.com\/pac\/wp-json\/wp\/v2\/pages\/6821\/revisions"}],"predecessor-version":[{"id":7010,"href":"https:\/\/crmindalo.com\/pac\/wp-json\/wp\/v2\/pages\/6821\/revisions\/7010"}],"wp:featuredmedia":[{"embeddable":true,"href":"https:\/\/crmindalo.com\/pac\/wp-json\/wp\/v2\/media\/352"}],"wp:attachment":[{"href":"https:\/\/crmindalo.com\/pac\/wp-json\/wp\/v2\/media?parent=6821"}],"curies":[{"name":"wp","href":"https:\/\/api.w.org\/{rel}","templated":true}]}}