{"id":5868,"date":"2024-09-27T03:09:42","date_gmt":"2024-09-27T03:09:42","guid":{"rendered":"https:\/\/crmindalo.com\/pac\/?page_id=5868"},"modified":"2024-12-13T15:36:30","modified_gmt":"2024-12-13T15:36:30","slug":"tercer-congreso-ciudadano","status":"publish","type":"page","link":"https:\/\/crmindalo.com\/pac\/tercer-congreso-ciudadano\/","title":{"rendered":"Tercer Congreso Ciudadano"},"content":{"rendered":"\t\t<div data-elementor-type=\"wp-page\" data-elementor-id=\"5868\" class=\"elementor elementor-5868\">\n\t\t\t\t\t\t<section class=\"elementor-section elementor-top-section elementor-element elementor-element-e1dd29d elementor-section-boxed elementor-section-height-default elementor-section-height-default\" data-id=\"e1dd29d\" data-element_type=\"section\">\n\t\t\t\t\t\t<div class=\"elementor-container elementor-column-gap-default\">\n\t\t\t\t\t<div class=\"elementor-column elementor-col-50 elementor-top-column elementor-element elementor-element-72ce8f4\" data-id=\"72ce8f4\" data-element_type=\"column\">\n\t\t\t<div class=\"elementor-widget-wrap elementor-element-populated\">\n\t\t\t\t\t\t<div class=\"elementor-element elementor-element-a673ea2 elementor-widget elementor-widget-heading\" data-id=\"a673ea2\" data-element_type=\"widget\" data-widget_type=\"heading.default\">\n\t\t\t\t<div class=\"elementor-widget-container\">\n\t\t\t<h2 class=\"elementor-heading-title elementor-size-default\">Somos un partido necesario,\nesencial y relevante.<\/h2>\t\t<\/div>\n\t\t\t\t<\/div>\n\t\t\t\t<div class=\"elementor-element elementor-element-0e6a467 elementor-widget elementor-widget-text-editor\" data-id=\"0e6a467\" data-element_type=\"widget\" data-widget_type=\"text-editor.default\">\n\t\t\t\t<div class=\"elementor-widget-container\">\n\t\t\t\t\t\t\t<p><span style=\"color: #202b5d;\">En el III Congreso Ciudadano del Partido Acci\u00f3n Ciudadana (AC), se evalu\u00f3 cr\u00edticamente la gesti\u00f3n pasada y la derrota electoral de 2022, con el fin de renovar su visi\u00f3n y actualizar su oferta program\u00e1tica. A trav\u00e9s de un proceso de autocr\u00edtica, el partido identific\u00f3 errores y traz\u00f3 un camino hacia el futuro, con el objetivo de servir mejor a la sociedad costarricense y enfrentar los retos del siglo XXI, promoviendo valores de equidad, justicia social y desarrollo sostenible.<\/span><\/p>\t\t\t\t\t\t<\/div>\n\t\t\t\t<\/div>\n\t\t\t\t<div class=\"elementor-element elementor-element-fee4d3a elementor-widget elementor-widget-text-editor\" data-id=\"fee4d3a\" data-element_type=\"widget\" data-widget_type=\"text-editor.default\">\n\t\t\t\t<div class=\"elementor-widget-container\">\n\t\t\t\t\t\t\t<p>El congreso tambi\u00e9n reafirm\u00f3 la unidad interna de AC, destacando principios comunes como la \u00e9tica p\u00fablica, la lucha contra la corrupci\u00f3n y la defensa de los derechos humanos. Con una visi\u00f3n renovada, el partido se comprometi\u00f3 a fortalecer la democracia, mejorar la educaci\u00f3n y salud p\u00fablicas, y promover la descentralizaci\u00f3n, la igualdad de g\u00e9nero y la protecci\u00f3n ambiental, consolid\u00e1ndose como una opci\u00f3n pol\u00edtica s\u00f3lida y unida para el futuro de Costa Rica.<\/p>\t\t\t\t\t\t<\/div>\n\t\t\t\t<\/div>\n\t\t\t\t\t<\/div>\n\t\t<\/div>\n\t\t\t\t<div class=\"elementor-column elementor-col-50 elementor-top-column elementor-element elementor-element-bef0398\" data-id=\"bef0398\" data-element_type=\"column\">\n\t\t\t<div class=\"elementor-widget-wrap elementor-element-populated\">\n\t\t\t\t\t\t<div class=\"elementor-element elementor-element-9d5dbbc elementor-widget elementor-widget-image\" data-id=\"9d5dbbc\" data-element_type=\"widget\" data-widget_type=\"image.default\">\n\t\t\t\t<div class=\"elementor-widget-container\">\n\t\t\t\t\t\t\t\t\t\t\t\t\t<img fetchpriority=\"high\" decoding=\"async\" width=\"1024\" height=\"945\" src=\"https:\/\/crmindalo.com\/pac\/wp-content\/uploads\/2024\/11\/tecer-congreso-ciudadano-pac-1024x945.jpg\" class=\"attachment-large size-large wp-image-6358\" alt=\"\" srcset=\"https:\/\/crmindalo.com\/pac\/wp-content\/uploads\/2024\/11\/tecer-congreso-ciudadano-pac-1024x945.jpg 1024w, https:\/\/crmindalo.com\/pac\/wp-content\/uploads\/2024\/11\/tecer-congreso-ciudadano-pac-300x277.jpg 300w, https:\/\/crmindalo.com\/pac\/wp-content\/uploads\/2024\/11\/tecer-congreso-ciudadano-pac-768x708.jpg 768w, https:\/\/crmindalo.com\/pac\/wp-content\/uploads\/2024\/11\/tecer-congreso-ciudadano-pac-600x554.jpg 600w, https:\/\/crmindalo.com\/pac\/wp-content\/uploads\/2024\/11\/tecer-congreso-ciudadano-pac-560x517.jpg 560w, https:\/\/crmindalo.com\/pac\/wp-content\/uploads\/2024\/11\/tecer-congreso-ciudadano-pac.jpg 1342w\" sizes=\"(max-width: 1024px) 100vw, 1024px\" \/>\t\t\t\t\t\t\t\t\t\t\t\t\t<\/div>\n\t\t\t\t<\/div>\n\t\t\t\t\t<\/div>\n\t\t<\/div>\n\t\t\t\t\t<\/div>\n\t\t<\/section>\n\t\t\t\t<section class=\"elementor-section elementor-top-section elementor-element elementor-element-d023e91 elementor-section-boxed elementor-section-height-default elementor-section-height-default\" data-id=\"d023e91\" data-element_type=\"section\" data-settings=\"{&quot;background_background&quot;:&quot;classic&quot;}\">\n\t\t\t\t\t\t<div class=\"elementor-container elementor-column-gap-default\">\n\t\t\t\t\t<div class=\"elementor-column elementor-col-50 elementor-top-column elementor-element elementor-element-f702eaa\" data-id=\"f702eaa\" data-element_type=\"column\">\n\t\t\t<div class=\"elementor-widget-wrap elementor-element-populated\">\n\t\t\t\t\t\t<div class=\"elementor-element elementor-element-f899455 elementor-widget elementor-widget-heading\" data-id=\"f899455\" data-element_type=\"widget\" data-widget_type=\"heading.default\">\n\t\t\t\t<div class=\"elementor-widget-container\">\n\t\t\t<h1 class=\"elementor-heading-title elementor-size-default\">Aqu\u00ed <span style=\"color:#F5BF29\">estamos...<\/span><\/h1>\t\t<\/div>\n\t\t\t\t<\/div>\n\t\t\t\t<div class=\"elementor-element elementor-element-c60672f elementor-widget elementor-widget-video\" data-id=\"c60672f\" data-element_type=\"widget\" data-settings=\"{&quot;video_type&quot;:&quot;hosted&quot;,&quot;show_image_overlay&quot;:&quot;yes&quot;,&quot;image_overlay&quot;:{&quot;url&quot;:&quot;https:\\\/\\\/crmindalo.com\\\/pac\\\/wp-content\\\/uploads\\\/2024\\\/11\\\/cover-congreso-video.jpg&quot;,&quot;id&quot;:6361,&quot;size&quot;:&quot;&quot;,&quot;alt&quot;:&quot;&quot;,&quot;source&quot;:&quot;library&quot;},&quot;lightbox&quot;:&quot;yes&quot;,&quot;controls&quot;:&quot;yes&quot;}\" data-widget_type=\"video.default\">\n\t\t\t\t<div class=\"elementor-widget-container\">\n\t\t\t\t\t<div class=\"e-hosted-video elementor-wrapper elementor-open-lightbox\">\n\t\t\t\t\t\t\t<div class=\"elementor-custom-embed-image-overlay\" data-elementor-open-lightbox=\"yes\" data-elementor-lightbox=\"{&quot;type&quot;:&quot;video&quot;,&quot;videoType&quot;:&quot;hosted&quot;,&quot;url&quot;:&quot;https:\\\/\\\/crmindalo.com\\\/pac\\\/wp-content\\\/uploads\\\/2024\\\/11\\\/congreso-ciudadano-web.mp4&quot;,&quot;autoplay&quot;:&quot;&quot;,&quot;modalOptions&quot;:{&quot;id&quot;:&quot;elementor-lightbox-c60672f&quot;,&quot;entranceAnimation&quot;:&quot;&quot;,&quot;entranceAnimation_tablet&quot;:&quot;&quot;,&quot;entranceAnimation_mobile&quot;:&quot;&quot;,&quot;videoAspectRatio&quot;:&quot;169&quot;},&quot;videoParams&quot;:{&quot;controls&quot;:&quot;&quot;,&quot;preload&quot;:&quot;metadata&quot;,&quot;controlsList&quot;:&quot;nodownload&quot;,&quot;poster&quot;:&quot;https:\\\/\\\/crmindalo.com\\\/pac\\\/wp-content\\\/uploads\\\/2024\\\/11\\\/cover-congreso-video.jpg&quot;}}\" data-e-action-hash=\"#elementor-action%3Aaction%3Dlightbox%26settings%3DeyJ0eXBlIjoidmlkZW8iLCJ2aWRlb1R5cGUiOiJob3N0ZWQiLCJ1cmwiOiJodHRwczpcL1wvY3JtaW5kYWxvLmNvbVwvcGFjXC93cC1jb250ZW50XC91cGxvYWRzXC8yMDI0XC8xMVwvY29uZ3Jlc28tY2l1ZGFkYW5vLXdlYi5tcDQiLCJhdXRvcGxheSI6IiIsIm1vZGFsT3B0aW9ucyI6eyJpZCI6ImVsZW1lbnRvci1saWdodGJveC1jNjA2NzJmIiwiZW50cmFuY2VBbmltYXRpb24iOiIiLCJlbnRyYW5jZUFuaW1hdGlvbl90YWJsZXQiOiIiLCJlbnRyYW5jZUFuaW1hdGlvbl9tb2JpbGUiOiIiLCJ2aWRlb0FzcGVjdFJhdGlvIjoiMTY5In0sInZpZGVvUGFyYW1zIjp7ImNvbnRyb2xzIjoiIiwicHJlbG9hZCI6Im1ldGFkYXRhIiwiY29udHJvbHNMaXN0Ijoibm9kb3dubG9hZCIsInBvc3RlciI6Imh0dHBzOlwvXC9jcm1pbmRhbG8uY29tXC9wYWNcL3dwLWNvbnRlbnRcL3VwbG9hZHNcLzIwMjRcLzExXC9jb3Zlci1jb25ncmVzby12aWRlby5qcGcifX0%3D\">\n\t\t\t\t\t\t\t\t\t\t\t<img decoding=\"async\" width=\"1920\" height=\"1080\" src=\"https:\/\/crmindalo.com\/pac\/wp-content\/uploads\/2024\/11\/cover-congreso-video.jpg\" class=\"attachment-full size-full wp-image-6361\" alt=\"\" srcset=\"https:\/\/crmindalo.com\/pac\/wp-content\/uploads\/2024\/11\/cover-congreso-video.jpg 1920w, https:\/\/crmindalo.com\/pac\/wp-content\/uploads\/2024\/11\/cover-congreso-video-300x169.jpg 300w, https:\/\/crmindalo.com\/pac\/wp-content\/uploads\/2024\/11\/cover-congreso-video-1024x576.jpg 1024w, https:\/\/crmindalo.com\/pac\/wp-content\/uploads\/2024\/11\/cover-congreso-video-768x432.jpg 768w, https:\/\/crmindalo.com\/pac\/wp-content\/uploads\/2024\/11\/cover-congreso-video-1536x864.jpg 1536w, https:\/\/crmindalo.com\/pac\/wp-content\/uploads\/2024\/11\/cover-congreso-video-600x338.jpg 600w, https:\/\/crmindalo.com\/pac\/wp-content\/uploads\/2024\/11\/cover-congreso-video-560x315.jpg 560w\" sizes=\"(max-width: 1920px) 100vw, 1920px\" \/>\t\t\t\t\t\t\t\t\t\t\t\t\t\t\t\t<div class=\"elementor-custom-embed-play\" role=\"button\" aria-label=\"Reproducir v\u00eddeo\" tabindex=\"0\">\n\t\t\t\t\t\t\t<svg aria-hidden=\"true\" class=\"e-font-icon-svg e-eicon-play\" viewBox=\"0 0 1000 1000\" xmlns=\"http:\/\/www.w3.org\/2000\/svg\"><path d=\"M838 162C746 71 633 25 500 25 371 25 258 71 163 162 71 254 25 367 25 500 25 633 71 746 163 837 254 929 367 979 500 979 633 979 746 933 838 837 929 746 975 633 975 500 975 367 929 254 838 162M808 192C892 279 933 379 933 500 933 621 892 725 808 808 725 892 621 938 500 938 379 938 279 896 196 808 113 725 67 621 67 500 67 379 108 279 196 192 279 108 383 62 500 62 621 62 721 108 808 192M438 392V642L642 517 438 392Z\"><\/path><\/svg>\t\t\t\t\t\t\t<span class=\"elementor-screen-only\">Reproducir v\u00eddeo<\/span>\n\t\t\t\t\t\t<\/div>\n\t\t\t\t\t\t\t\t\t<\/div>\n\t\t\t\t\t<\/div>\n\t\t\t\t<\/div>\n\t\t\t\t<\/div>\n\t\t\t\t\t<\/div>\n\t\t<\/div>\n\t\t\t\t<div class=\"elementor-column elementor-col-50 elementor-top-column elementor-element elementor-element-6c2d943\" data-id=\"6c2d943\" data-element_type=\"column\">\n\t\t\t<div class=\"elementor-widget-wrap elementor-element-populated\">\n\t\t\t\t\t\t<section class=\"elementor-section elementor-inner-section elementor-element elementor-element-07438c0 elementor-section-boxed elementor-section-height-default elementor-section-height-default\" data-id=\"07438c0\" data-element_type=\"section\">\n\t\t\t\t\t\t<div class=\"elementor-container elementor-column-gap-default\">\n\t\t\t\t\t<div class=\"elementor-column elementor-col-50 elementor-inner-column elementor-element elementor-element-a566377\" data-id=\"a566377\" data-element_type=\"column\">\n\t\t\t<div class=\"elementor-widget-wrap elementor-element-populated\">\n\t\t\t\t\t\t<div class=\"elementor-element elementor-element-9609d44 elementor-widget elementor-widget-ova_feature\" data-id=\"9609d44\" data-element_type=\"widget\" data-widget_type=\"ova_feature.default\">\n\t\t\t\t<div class=\"elementor-widget-container\">\n\t\t\t\n\t\t\t\t\t<div class=\"ova_feature version_3\">\n\t\t\t<div class=\"items\">\n\t\t\t\t\n\t\t\t\t\t\t\t<a class=\"second_font\" href=\"https:\/\/crmindalo.com\/pac\/wp-content\/uploads\/2024\/11\/Manifiesto-politico-III-Congreso-Ciudadano.pdf\" target=&quot;_blank&quot;>\n\t\t\t\t\t<div class=\"icon\">\n\t\t\t\t\t\t<span class=\"flaticon-document\"><\/span>\n\t\t\t\t\t<\/div>\n\t\t\t\t<\/a>\n\t\t\t\t\n\t\t\t\t\t\t\t\t\t<h3 class=\"title\">\n\t\t\t\t\t\t<a class=\"second_font\" href=\"https:\/\/crmindalo.com\/pac\/wp-content\/uploads\/2024\/11\/Manifiesto-politico-III-Congreso-Ciudadano.pdf\" target=&quot;_blank&quot;>\n\t\t\t\t\t\t\tManifiesto Pol\u00edtico\t\t\t\t\t\t<\/a>\n\t\t\t\t\t<\/h3>\n\t\t\t\t\n\t\t\t\t\t\t\t\t\t<div class=\"excerpt\">\n\t\t\t\t\t\t<p>\n\t\t\t\t\t\t\tDocumento aprobado como resoluci\u00f3n del III Congreso Ciudadano Olga Marta S\u00e1nchez Oviedo\t\t\t\t\t\t<\/p>\n\t\t\t\t\t<\/div>\n\t\t\t\t\n\t\t\t<\/div>\n\t\t<\/div>\n\t\t\t\t<\/div>\n\t\t\t\t<\/div>\n\t\t\t\t\t<\/div>\n\t\t<\/div>\n\t\t\t\t<div class=\"elementor-column elementor-col-50 elementor-inner-column elementor-element elementor-element-b06e9b0\" data-id=\"b06e9b0\" data-element_type=\"column\">\n\t\t\t<div class=\"elementor-widget-wrap elementor-element-populated\">\n\t\t\t\t\t\t<div class=\"elementor-element elementor-element-7042202 elementor-widget elementor-widget-ova_feature\" data-id=\"7042202\" data-element_type=\"widget\" data-widget_type=\"ova_feature.default\">\n\t\t\t\t<div class=\"elementor-widget-container\">\n\t\t\t\n\t\t\t\t\t<div class=\"ova_feature version_3\">\n\t\t\t<div class=\"items\">\n\t\t\t\t\n\t\t\t\t\t\t\t<a class=\"second_font\" href=\"https:\/\/crmindalo.com\/pac\/wp-content\/uploads\/2024\/11\/ideario-ciudadano.pdf\" target=&quot;_blank&quot;>\n\t\t\t\t\t<div class=\"icon\">\n\t\t\t\t\t\t<span class=\"flaticon-file\"><\/span>\n\t\t\t\t\t<\/div>\n\t\t\t\t<\/a>\n\t\t\t\t\n\t\t\t\t\t\t\t\t\t<h3 class=\"title\">\n\t\t\t\t\t\t<a class=\"second_font\" href=\"https:\/\/crmindalo.com\/pac\/wp-content\/uploads\/2024\/11\/ideario-ciudadano.pdf\" target=&quot;_blank&quot;>\n\t\t\t\t\t\t\tDocumento Completo\t\t\t\t\t\t<\/a>\n\t\t\t\t\t<\/h3>\n\t\t\t\t\n\t\t\t\t\t\t\t\t\t<div class=\"excerpt\">\n\t\t\t\t\t\t<p>\n\t\t\t\t\t\t\tDocumento revisado y editado por la Comisi\u00f3n de Capacitaci\u00f3n y Formaci\u00f3n - Revisi\u00f3n por Adri\u00e1n Moreira.\t\t\t\t\t\t<\/p>\n\t\t\t\t\t<\/div>\n\t\t\t\t\n\t\t\t<\/div>\n\t\t<\/div>\n\t\t\t\t<\/div>\n\t\t\t\t<\/div>\n\t\t\t\t\t<\/div>\n\t\t<\/div>\n\t\t\t\t\t<\/div>\n\t\t<\/section>\n\t\t\t\t\t<\/div>\n\t\t<\/div>\n\t\t\t\t\t<\/div>\n\t\t<\/section>\n\t\t\t\t<section class=\"elementor-section elementor-top-section elementor-element elementor-element-6936259 elementor-section-full_width elementor-section-height-default elementor-section-height-default\" data-id=\"6936259\" data-element_type=\"section\" data-settings=\"{&quot;background_background&quot;:&quot;classic&quot;}\">\n\t\t\t\t\t\t<div class=\"elementor-container elementor-column-gap-default\">\n\t\t\t\t\t<div class=\"elementor-column elementor-col-100 elementor-top-column elementor-element elementor-element-179e4a3\" data-id=\"179e4a3\" data-element_type=\"column\" data-settings=\"{&quot;background_background&quot;:&quot;classic&quot;}\">\n\t\t\t<div class=\"elementor-widget-wrap elementor-element-populated\">\n\t\t\t\t\t\t<div class=\"elementor-element elementor-element-01b7782 elementor-widget elementor-widget-ova_heading\" data-id=\"01b7782\" data-element_type=\"widget\" data-widget_type=\"ova_heading.default\">\n\t\t\t\t<div class=\"elementor-widget-container\">\n\t\t\t\t\t<div class=\"ova-heading\">\n\t\t\t\n\t\t\t\t\t\t\t<h3 class=\"title second_font\">Discover our lovely and <br>vibrant city<\/h3>\n\t\t\t\n\t\t\t\t\t\t\t<p class=\"sub-title \">Experience the Tradition, Great and the Natural Beauty of the City<\/p>\n\t\t\t\n\t\t<\/div>\n\t\t\t\t<\/div>\n\t\t\t\t<\/div>\n\t\t\t\t<div class=\"elementor-element elementor-element-c66e1bf elementor-align-center egovt_button elementor-widget elementor-widget-button\" data-id=\"c66e1bf\" data-element_type=\"widget\" data-widget_type=\"button.default\">\n\t\t\t\t<div class=\"elementor-widget-container\">\n\t\t\t\t\t\t\t<div class=\"elementor-button-wrapper\">\n\t\t\t\t\t<a class=\"elementor-button elementor-button-link elementor-size-sm\" href=\"https:\/\/demo.ovatheme.com\/egovt\/department\/\">\n\t\t\t\t\t\t<span class=\"elementor-button-content-wrapper\">\n\t\t\t\t\t\t\t\t\t<span class=\"elementor-button-text\">Explore City<\/span>\n\t\t\t\t\t<\/span>\n\t\t\t\t\t<\/a>\n\t\t\t\t<\/div>\n\t\t\t\t\t\t<\/div>\n\t\t\t\t<\/div>\n\t\t\t\t\t<\/div>\n\t\t<\/div>\n\t\t\t\t\t<\/div>\n\t\t<\/section>\n\t\t\t\t<\/div>\n\t\t","protected":false},"excerpt":{"rendered":"<p>Somos un partido necesario, esencial y relevante. En el III Congreso Ciudadano del Partido Acci\u00f3n Ciudadana (AC), se evalu\u00f3 cr\u00edticamente la gesti\u00f3n pasada y la derrota electoral de 2022, con el fin de renovar su visi\u00f3n y actualizar su oferta program\u00e1tica. A trav\u00e9s de un proceso de autocr\u00edtica, el partido identific\u00f3 errores y traz\u00f3 un [&hellip;]<\/p>\n","protected":false},"author":1,"featured_media":352,"parent":0,"menu_order":0,"comment_status":"closed","ping_status":"closed","template":"elementor_header_footer","meta":{"footnotes":""},"class_list":["post-5868","page","type-page","status-publish","has-post-thumbnail","hentry"],"_links":{"self":[{"href":"https:\/\/crmindalo.com\/pac\/wp-json\/wp\/v2\/pages\/5868","targetHints":{"allow":["GET"]}}],"collection":[{"href":"https:\/\/crmindalo.com\/pac\/wp-json\/wp\/v2\/pages"}],"about":[{"href":"https:\/\/crmindalo.com\/pac\/wp-json\/wp\/v2\/types\/page"}],"author":[{"embeddable":true,"href":"https:\/\/crmindalo.com\/pac\/wp-json\/wp\/v2\/users\/1"}],"replies":[{"embeddable":true,"href":"https:\/\/crmindalo.com\/pac\/wp-json\/wp\/v2\/comments?post=5868"}],"version-history":[{"count":28,"href":"https:\/\/crmindalo.com\/pac\/wp-json\/wp\/v2\/pages\/5868\/revisions"}],"predecessor-version":[{"id":7027,"href":"https:\/\/crmindalo.com\/pac\/wp-json\/wp\/v2\/pages\/5868\/revisions\/7027"}],"wp:featuredmedia":[{"embeddable":true,"href":"https:\/\/crmindalo.com\/pac\/wp-json\/wp\/v2\/media\/352"}],"wp:attachment":[{"href":"https:\/\/crmindalo.com\/pac\/wp-json\/wp\/v2\/media?parent=5868"}],"curies":[{"name":"wp","href":"https:\/\/api.w.org\/{rel}","templated":true}]}}