{"id":5840,"date":"2024-09-27T02:36:09","date_gmt":"2024-09-27T02:36:09","guid":{"rendered":"https:\/\/crmindalo.com\/pac\/?page_id=5840"},"modified":"2024-12-13T15:20:59","modified_gmt":"2024-12-13T15:20:59","slug":"logros","status":"publish","type":"page","link":"https:\/\/crmindalo.com\/pac\/logros\/","title":{"rendered":"Logros"},"content":{"rendered":"\t\t<div data-elementor-type=\"wp-page\" data-elementor-id=\"5840\" class=\"elementor elementor-5840\">\n\t\t\t\t\t\t<section class=\"elementor-section elementor-top-section elementor-element elementor-element-3e771da elementor-section-boxed elementor-section-height-default elementor-section-height-default\" data-id=\"3e771da\" data-element_type=\"section\">\n\t\t\t\t\t\t<div class=\"elementor-container elementor-column-gap-default\">\n\t\t\t\t\t<div class=\"elementor-column elementor-col-100 elementor-top-column elementor-element elementor-element-e9517f9\" data-id=\"e9517f9\" data-element_type=\"column\">\n\t\t\t<div class=\"elementor-widget-wrap elementor-element-populated\">\n\t\t\t\t\t\t<div class=\"elementor-element elementor-element-00b452f elementor-widget elementor-widget-ova_heading\" data-id=\"00b452f\" data-element_type=\"widget\" data-widget_type=\"ova_heading.default\">\n\t\t\t\t<div class=\"elementor-widget-container\">\n\t\t\t\t\t<div class=\"ova-heading\">\n\t\t\t\n\t\t\t\t\t\t\t<h3 class=\"title second_font\">Los logros de  nuestros<br> gobiernos<\/h3>\n\t\t\t\n\t\t\t\t\t\t\t<p class=\"sub-title \">We are offering the following information's about us that what we actually. <\/p>\n\t\t\t\n\t\t<\/div>\n\t\t\t\t<\/div>\n\t\t\t\t<\/div>\n\t\t\t\t<div class=\"elementor-element elementor-element-8081c10 elementor-widget elementor-widget-ova_archive_dep\" data-id=\"8081c10\" data-element_type=\"widget\" data-widget_type=\"ova_archive_dep.default\">\n\t\t\t\t<div class=\"elementor-widget-container\">\n\t\t\t\n<div class=\"ova_archive_dep archive_dep three_column\">\n\t<div class=\"content\">\n\t\t\t\t\t<div class=\"items elementor-items\">\n\t\t\t\t<div class=\"wp-item\">\n\t\t\t\t\t\t\t\t\t\t\t<div class=\"ova-media\">\n\t\t\t\t\t\t\t\t\t\t\t\t\t\t\t<a href=\"https:\/\/crmindalo.com\/pac\/ova_dep\/derechos-humanos\/\">\n\t\t\t\t\t\t\t\t\t<img fetchpriority=\"high\" decoding=\"async\" width=\"403\" height=\"220\" src=\"https:\/\/crmindalo.com\/pac\/wp-content\/uploads\/2020\/07\/derechos-humanos.jpg\" class=\"img-responsive wp-post-image\" alt=\"\" \/>\t\t\t\t\t\t\t\t<\/a>\n\t\t\t\t\t\t\t\t\t\t\t\t\t<\/div>\n\t\t\t\t\t\t\t\t\t\t<div class=\"ova-content\">\n\t\t\t\t\t\t\t\t\t\t\t\t\t<div class=\"icon\">\n\t\t\t\t\t\t\t\t<span>\n\t\t\t\t\t\t\t\t\t<i class=\"flaticon-balance-3\"><\/i>\n\t\t\t\t\t\t\t\t<\/span>\n\t\t\t\t\t\t\t<\/div>\n\t\t\t\t\t\t\t\t\t\t\t\t\t\t\t\t\t\t\t<h2 class=\"title\">\n\t\t\t\t\t\t\t\t\t\t\t\t\t\t\t\t\t<a class=\"second_font\" href=\"https:\/\/crmindalo.com\/pac\/ova_dep\/derechos-humanos\/\">\n\t\t\t\t\t\t\t\t\t\tDerechos Humanos\t\t\t\t\t\t\t\t\t<\/a>\n\t\t\t\t\t\t\t\t\t\t\t\t\t\t\t<\/h2>\n\t\t\t\t\t\t\t\t\t\t\t\t\t\t\t\t\t\t\t<div class=\"descption\">\n\t\t\t\t\t\t\t\tAcci\u00f3n Ciudadana impulsa derechos humanos, inclusi\u00f3n migrante, diversidad y equidad social.\t\t\t\t\t\t\t<\/div>\n\t\t\t\t\t\t\t\t\t\t\t\t\t\t\t\t\t\t\t<a class=\"second_font readmore\" href=\"https:\/\/crmindalo.com\/pac\/ova_dep\/derechos-humanos\/\" >\n\t\t\t\t\t\t\t\tLeer M\u00e1s\t\t\t\t\t\t\t\t<i data-feather=\"arrow-right\"><\/i>\n\t\t\t\t\t\t\t<\/a>\n\t\t\t\t\t\t\t\t\t\t\t<\/div>\n\t\t\t\t<\/div>\n\t\t\t<\/div>\n\t\t\t\t\t<div class=\"items elementor-items\">\n\t\t\t\t<div class=\"wp-item\">\n\t\t\t\t\t\t\t\t\t\t\t<div class=\"ova-media\">\n\t\t\t\t\t\t\t\t\t\t\t\t\t\t\t<a href=\"https:\/\/crmindalo.com\/pac\/ova_dep\/economia\/\">\n\t\t\t\t\t\t\t\t\t<img decoding=\"async\" width=\"403\" height=\"220\" src=\"https:\/\/crmindalo.com\/pac\/wp-content\/uploads\/2020\/07\/economia.jpg\" class=\"img-responsive wp-post-image\" alt=\"\" \/>\t\t\t\t\t\t\t\t<\/a>\n\t\t\t\t\t\t\t\t\t\t\t\t\t<\/div>\n\t\t\t\t\t\t\t\t\t\t<div class=\"ova-content\">\n\t\t\t\t\t\t\t\t\t\t\t\t\t<div class=\"icon\">\n\t\t\t\t\t\t\t\t<span>\n\t\t\t\t\t\t\t\t\t<i class=\"flaticon-money-bag-2\"><\/i>\n\t\t\t\t\t\t\t\t<\/span>\n\t\t\t\t\t\t\t<\/div>\n\t\t\t\t\t\t\t\t\t\t\t\t\t\t\t\t\t\t\t<h2 class=\"title\">\n\t\t\t\t\t\t\t\t\t\t\t\t\t\t\t\t\t<a class=\"second_font\" href=\"https:\/\/crmindalo.com\/pac\/ova_dep\/economia\/\">\n\t\t\t\t\t\t\t\t\t\tEconom\u00eda\t\t\t\t\t\t\t\t\t<\/a>\n\t\t\t\t\t\t\t\t\t\t\t\t\t\t\t<\/h2>\n\t\t\t\t\t\t\t\t\t\t\t\t\t\t\t\t\t\t\t<div class=\"descption\">\n\t\t\t\t\t\t\t\tAcci\u00f3n Ciudadana impulsa econom\u00eda sostenible, controla inflaci\u00f3n y facilita cr\u00e9ditos para emprendedores.\t\t\t\t\t\t\t<\/div>\n\t\t\t\t\t\t\t\t\t\t\t\t\t\t\t\t\t\t\t<a class=\"second_font readmore\" href=\"https:\/\/crmindalo.com\/pac\/ova_dep\/economia\/\" >\n\t\t\t\t\t\t\t\tLeer M\u00e1s\t\t\t\t\t\t\t\t<i data-feather=\"arrow-right\"><\/i>\n\t\t\t\t\t\t\t<\/a>\n\t\t\t\t\t\t\t\t\t\t\t<\/div>\n\t\t\t\t<\/div>\n\t\t\t<\/div>\n\t\t\t\t\t<div class=\"items elementor-items\">\n\t\t\t\t<div class=\"wp-item\">\n\t\t\t\t\t\t\t\t\t\t\t<div class=\"ova-media\">\n\t\t\t\t\t\t\t\t\t\t\t\t\t\t\t<a href=\"https:\/\/crmindalo.com\/pac\/ova_dep\/infraestructura\/\">\n\t\t\t\t\t\t\t\t\t<img decoding=\"async\" width=\"826\" height=\"451\" src=\"https:\/\/crmindalo.com\/pac\/wp-content\/uploads\/2020\/07\/infraestructura.jpg\" class=\"img-responsive wp-post-image\" alt=\"\" \/>\t\t\t\t\t\t\t\t<\/a>\n\t\t\t\t\t\t\t\t\t\t\t\t\t<\/div>\n\t\t\t\t\t\t\t\t\t\t<div class=\"ova-content\">\n\t\t\t\t\t\t\t\t\t\t\t\t\t<div class=\"icon\">\n\t\t\t\t\t\t\t\t<span>\n\t\t\t\t\t\t\t\t\t<i class=\"flaticon-train-2\"><\/i>\n\t\t\t\t\t\t\t\t<\/span>\n\t\t\t\t\t\t\t<\/div>\n\t\t\t\t\t\t\t\t\t\t\t\t\t\t\t\t\t\t\t<h2 class=\"title\">\n\t\t\t\t\t\t\t\t\t\t\t\t\t\t\t\t\t<a class=\"second_font\" href=\"https:\/\/crmindalo.com\/pac\/ova_dep\/infraestructura\/\">\n\t\t\t\t\t\t\t\t\t\tInfraestructura\t\t\t\t\t\t\t\t\t<\/a>\n\t\t\t\t\t\t\t\t\t\t\t\t\t\t\t<\/h2>\n\t\t\t\t\t\t\t\t\t\t\t\t\t\t\t\t\t\t\t<div class=\"descption\">\n\t\t\t\t\t\t\t\tAcci\u00f3n Ciudadana fortalece infraestructura en agua, educaci\u00f3n y v\u00edas para el desarrollo.\t\t\t\t\t\t\t<\/div>\n\t\t\t\t\t\t\t\t\t\t\t\t\t\t\t\t\t\t\t<a class=\"second_font readmore\" href=\"https:\/\/crmindalo.com\/pac\/ova_dep\/infraestructura\/\" >\n\t\t\t\t\t\t\t\tLeer M\u00e1s\t\t\t\t\t\t\t\t<i data-feather=\"arrow-right\"><\/i>\n\t\t\t\t\t\t\t<\/a>\n\t\t\t\t\t\t\t\t\t\t\t<\/div>\n\t\t\t\t<\/div>\n\t\t\t<\/div>\n\t\t\t\t\t<div class=\"items elementor-items\">\n\t\t\t\t<div class=\"wp-item\">\n\t\t\t\t\t\t\t\t\t\t\t<div class=\"ova-media\">\n\t\t\t\t\t\t\t\t\t\t\t\t\t\t\t<a href=\"https:\/\/crmindalo.com\/pac\/ova_dep\/salud\/\">\n\t\t\t\t\t\t\t\t\t<img loading=\"lazy\" decoding=\"async\" width=\"403\" height=\"220\" src=\"https:\/\/crmindalo.com\/pac\/wp-content\/uploads\/2020\/07\/salud.jpg\" class=\"img-responsive wp-post-image\" alt=\"\" \/>\t\t\t\t\t\t\t\t<\/a>\n\t\t\t\t\t\t\t\t\t\t\t\t\t<\/div>\n\t\t\t\t\t\t\t\t\t\t<div class=\"ova-content\">\n\t\t\t\t\t\t\t\t\t\t\t\t\t<div class=\"icon\">\n\t\t\t\t\t\t\t\t<span>\n\t\t\t\t\t\t\t\t\t<i class=\"flaticon-hospital\"><\/i>\n\t\t\t\t\t\t\t\t<\/span>\n\t\t\t\t\t\t\t<\/div>\n\t\t\t\t\t\t\t\t\t\t\t\t\t\t\t\t\t\t\t<h2 class=\"title\">\n\t\t\t\t\t\t\t\t\t\t\t\t\t\t\t\t\t<a class=\"second_font\" href=\"https:\/\/crmindalo.com\/pac\/ova_dep\/salud\/\">\n\t\t\t\t\t\t\t\t\t\tSalud\t\t\t\t\t\t\t\t\t<\/a>\n\t\t\t\t\t\t\t\t\t\t\t\t\t\t\t<\/h2>\n\t\t\t\t\t\t\t\t\t\t\t\t\t\t\t\t\t\t\t<div class=\"descption\">\n\t\t\t\t\t\t\t\tAcci\u00f3n Ciudadana fortalece salud p\u00fablica, aumenta inversi\u00f3n en infraestructura y atenci\u00f3n equitativa.\t\t\t\t\t\t\t<\/div>\n\t\t\t\t\t\t\t\t\t\t\t\t\t\t\t\t\t\t\t<a class=\"second_font readmore\" href=\"https:\/\/crmindalo.com\/pac\/ova_dep\/salud\/\" >\n\t\t\t\t\t\t\t\tLeer M\u00e1s\t\t\t\t\t\t\t\t<i data-feather=\"arrow-right\"><\/i>\n\t\t\t\t\t\t\t<\/a>\n\t\t\t\t\t\t\t\t\t\t\t<\/div>\n\t\t\t\t<\/div>\n\t\t\t<\/div>\n\t\t\t\t\t<div class=\"items elementor-items\">\n\t\t\t\t<div class=\"wp-item\">\n\t\t\t\t\t\t\t\t\t\t\t<div class=\"ova-media\">\n\t\t\t\t\t\t\t\t\t\t\t\t\t\t\t<a href=\"https:\/\/crmindalo.com\/pac\/ova_dep\/ambiente-y-conservacion\/\">\n\t\t\t\t\t\t\t\t\t<img loading=\"lazy\" decoding=\"async\" width=\"403\" height=\"220\" src=\"https:\/\/crmindalo.com\/pac\/wp-content\/uploads\/2020\/07\/ambiente.jpg\" class=\"img-responsive wp-post-image\" alt=\"\" \/>\t\t\t\t\t\t\t\t<\/a>\n\t\t\t\t\t\t\t\t\t\t\t\t\t<\/div>\n\t\t\t\t\t\t\t\t\t\t<div class=\"ova-content\">\n\t\t\t\t\t\t\t\t\t\t\t\t\t<div class=\"icon\">\n\t\t\t\t\t\t\t\t<span>\n\t\t\t\t\t\t\t\t\t<i class=\"flaticon-tree\"><\/i>\n\t\t\t\t\t\t\t\t<\/span>\n\t\t\t\t\t\t\t<\/div>\n\t\t\t\t\t\t\t\t\t\t\t\t\t\t\t\t\t\t\t<h2 class=\"title\">\n\t\t\t\t\t\t\t\t\t\t\t\t\t\t\t\t\t<a class=\"second_font\" href=\"https:\/\/crmindalo.com\/pac\/ova_dep\/ambiente-y-conservacion\/\">\n\t\t\t\t\t\t\t\t\t\tAmbiente y Conservaci\u00f3n\t\t\t\t\t\t\t\t\t<\/a>\n\t\t\t\t\t\t\t\t\t\t\t\t\t\t\t<\/h2>\n\t\t\t\t\t\t\t\t\t\t\t\t\t\t\t\t\t\t\t<div class=\"descption\">\n\t\t\t\t\t\t\t\tAcci\u00f3n Ciudadana impulsa energ\u00eda limpia, transporte el\u00e9ctrico y conservaci\u00f3n ambiental.\t\t\t\t\t\t\t<\/div>\n\t\t\t\t\t\t\t\t\t\t\t\t\t\t\t\t\t\t\t<a class=\"second_font readmore\" href=\"https:\/\/crmindalo.com\/pac\/ova_dep\/ambiente-y-conservacion\/\" >\n\t\t\t\t\t\t\t\tLeer M\u00e1s\t\t\t\t\t\t\t\t<i data-feather=\"arrow-right\"><\/i>\n\t\t\t\t\t\t\t<\/a>\n\t\t\t\t\t\t\t\t\t\t\t<\/div>\n\t\t\t\t<\/div>\n\t\t\t<\/div>\n\t\t\t\t\t<div class=\"items elementor-items\">\n\t\t\t\t<div class=\"wp-item\">\n\t\t\t\t\t\t\t\t\t\t\t<div class=\"ova-media\">\n\t\t\t\t\t\t\t\t\t\t\t\t\t\t\t<a href=\"https:\/\/crmindalo.com\/pac\/ova_dep\/desarrollo-territorial\/\">\n\t\t\t\t\t\t\t\t\t<img loading=\"lazy\" decoding=\"async\" width=\"403\" height=\"220\" src=\"https:\/\/crmindalo.com\/pac\/wp-content\/uploads\/2020\/07\/desarrollo-territorial.jpg\" class=\"img-responsive wp-post-image\" alt=\"\" \/>\t\t\t\t\t\t\t\t<\/a>\n\t\t\t\t\t\t\t\t\t\t\t\t\t<\/div>\n\t\t\t\t\t\t\t\t\t\t<div class=\"ova-content\">\n\t\t\t\t\t\t\t\t\t\t\t\t\t<div class=\"icon\">\n\t\t\t\t\t\t\t\t<span>\n\t\t\t\t\t\t\t\t\t<i class=\"flaticon-architecture-and-city\"><\/i>\n\t\t\t\t\t\t\t\t<\/span>\n\t\t\t\t\t\t\t<\/div>\n\t\t\t\t\t\t\t\t\t\t\t\t\t\t\t\t\t\t\t<h2 class=\"title\">\n\t\t\t\t\t\t\t\t\t\t\t\t\t\t\t\t\t<a class=\"second_font\" href=\"https:\/\/crmindalo.com\/pac\/ova_dep\/desarrollo-territorial\/\">\n\t\t\t\t\t\t\t\t\t\tDesarrollo Territorial\t\t\t\t\t\t\t\t\t<\/a>\n\t\t\t\t\t\t\t\t\t\t\t\t\t\t\t<\/h2>\n\t\t\t\t\t\t\t\t\t\t\t\t\t\t\t\t\t\t\t<div class=\"descption\">\n\t\t\t\t\t\t\t\tAcci\u00f3n Ciudadana impulsa desarrollo territorial, participaci\u00f3n y autonom\u00eda municipal.\t\t\t\t\t\t\t<\/div>\n\t\t\t\t\t\t\t\t\t\t\t\t\t\t\t\t\t\t\t<a class=\"second_font readmore\" href=\"https:\/\/crmindalo.com\/pac\/ova_dep\/desarrollo-territorial\/\" >\n\t\t\t\t\t\t\t\tLeer M\u00e1s\t\t\t\t\t\t\t\t<i data-feather=\"arrow-right\"><\/i>\n\t\t\t\t\t\t\t<\/a>\n\t\t\t\t\t\t\t\t\t\t\t<\/div>\n\t\t\t\t<\/div>\n\t\t\t<\/div>\n\t\t\t\t\t<div class=\"items elementor-items\">\n\t\t\t\t<div class=\"wp-item\">\n\t\t\t\t\t\t\t\t\t\t\t<div class=\"ova-media\">\n\t\t\t\t\t\t\t\t\t\t\t\t\t\t\t<a href=\"https:\/\/crmindalo.com\/pac\/ova_dep\/lucha-contra-la-pobreza\/\">\n\t\t\t\t\t\t\t\t\t<img loading=\"lazy\" decoding=\"async\" width=\"403\" height=\"220\" src=\"https:\/\/crmindalo.com\/pac\/wp-content\/uploads\/2020\/07\/reduccion-pobreza.jpg\" class=\"img-responsive wp-post-image\" alt=\"\" \/>\t\t\t\t\t\t\t\t<\/a>\n\t\t\t\t\t\t\t\t\t\t\t\t\t<\/div>\n\t\t\t\t\t\t\t\t\t\t<div class=\"ova-content\">\n\t\t\t\t\t\t\t\t\t\t\t\t\t<div class=\"icon\">\n\t\t\t\t\t\t\t\t<span>\n\t\t\t\t\t\t\t\t\t<i class=\"flaticon-farmer\"><\/i>\n\t\t\t\t\t\t\t\t<\/span>\n\t\t\t\t\t\t\t<\/div>\n\t\t\t\t\t\t\t\t\t\t\t\t\t\t\t\t\t\t\t<h2 class=\"title\">\n\t\t\t\t\t\t\t\t\t\t\t\t\t\t\t\t\t<a class=\"second_font\" href=\"https:\/\/crmindalo.com\/pac\/ova_dep\/lucha-contra-la-pobreza\/\">\n\t\t\t\t\t\t\t\t\t\tLucha Contra La Pobreza\t\t\t\t\t\t\t\t\t<\/a>\n\t\t\t\t\t\t\t\t\t\t\t\t\t\t\t<\/h2>\n\t\t\t\t\t\t\t\t\t\t\t\t\t\t\t\t\t\t\t<div class=\"descption\">\n\t\t\t\t\t\t\t\tAcci\u00f3n Ciudadana reduce pobreza con Puente al Desarrollo, inclusi\u00f3n y justicia social.\t\t\t\t\t\t\t<\/div>\n\t\t\t\t\t\t\t\t\t\t\t\t\t\t\t\t\t\t\t<a class=\"second_font readmore\" href=\"https:\/\/crmindalo.com\/pac\/ova_dep\/lucha-contra-la-pobreza\/\" >\n\t\t\t\t\t\t\t\tLeer M\u00e1s\t\t\t\t\t\t\t\t<i data-feather=\"arrow-right\"><\/i>\n\t\t\t\t\t\t\t<\/a>\n\t\t\t\t\t\t\t\t\t\t\t<\/div>\n\t\t\t\t<\/div>\n\t\t\t<\/div>\n\t\t\t\t\t<div class=\"items elementor-items\">\n\t\t\t\t<div class=\"wp-item\">\n\t\t\t\t\t\t\t\t\t\t\t<div class=\"ova-media\">\n\t\t\t\t\t\t\t\t\t\t\t\t\t\t\t<a href=\"https:\/\/crmindalo.com\/pac\/ova_dep\/lucha-contra-la-corrupcion\/\">\n\t\t\t\t\t\t\t\t\t<img loading=\"lazy\" decoding=\"async\" width=\"403\" height=\"220\" src=\"https:\/\/crmindalo.com\/pac\/wp-content\/uploads\/2020\/07\/img_dep_8.jpg\" class=\"img-responsive wp-post-image\" alt=\"img_dep_8\" \/>\t\t\t\t\t\t\t\t<\/a>\n\t\t\t\t\t\t\t\t\t\t\t\t\t<\/div>\n\t\t\t\t\t\t\t\t\t\t<div class=\"ova-content\">\n\t\t\t\t\t\t\t\t\t\t\t\t\t<div class=\"icon\">\n\t\t\t\t\t\t\t\t<span>\n\t\t\t\t\t\t\t\t\t<i class=\"flaticon-police-car-1\"><\/i>\n\t\t\t\t\t\t\t\t<\/span>\n\t\t\t\t\t\t\t<\/div>\n\t\t\t\t\t\t\t\t\t\t\t\t\t\t\t\t\t\t\t<h2 class=\"title\">\n\t\t\t\t\t\t\t\t\t\t\t\t\t\t\t\t\t<a class=\"second_font\" href=\"https:\/\/crmindalo.com\/pac\/ova_dep\/lucha-contra-la-corrupcion\/\">\n\t\t\t\t\t\t\t\t\t\tLucha Contra La Corrupci\u00f3n\t\t\t\t\t\t\t\t\t<\/a>\n\t\t\t\t\t\t\t\t\t\t\t\t\t\t\t<\/h2>\n\t\t\t\t\t\t\t\t\t\t\t\t\t\t\t\t\t\t\t<div class=\"descption\">\n\t\t\t\t\t\t\t\tWe differentiate ourselves from all the other australian by the real factors.\r\n\t\t\t\t\t\t\t<\/div>\n\t\t\t\t\t\t\t\t\t\t\t\t\t\t\t\t\t\t\t<a class=\"second_font readmore\" href=\"https:\/\/crmindalo.com\/pac\/ova_dep\/lucha-contra-la-corrupcion\/\" >\n\t\t\t\t\t\t\t\tLeer M\u00e1s\t\t\t\t\t\t\t\t<i data-feather=\"arrow-right\"><\/i>\n\t\t\t\t\t\t\t<\/a>\n\t\t\t\t\t\t\t\t\t\t\t<\/div>\n\t\t\t\t<\/div>\n\t\t\t<\/div>\n\t\t\t\t\t<div class=\"items elementor-items\">\n\t\t\t\t<div class=\"wp-item\">\n\t\t\t\t\t\t\t\t\t\t\t<div class=\"ova-media\">\n\t\t\t\t\t\t\t\t\t\t\t\t\t\t\t<a href=\"https:\/\/crmindalo.com\/pac\/ova_dep\/genero\/\">\n\t\t\t\t\t\t\t\t\t<img loading=\"lazy\" decoding=\"async\" width=\"403\" height=\"220\" src=\"https:\/\/crmindalo.com\/pac\/wp-content\/uploads\/2020\/07\/img_dep_1.jpg\" class=\"img-responsive wp-post-image\" alt=\"img_dep_1\" \/>\t\t\t\t\t\t\t\t<\/a>\n\t\t\t\t\t\t\t\t\t\t\t\t\t<\/div>\n\t\t\t\t\t\t\t\t\t\t<div class=\"ova-content\">\n\t\t\t\t\t\t\t\t\t\t\t\t\t<div class=\"icon\">\n\t\t\t\t\t\t\t\t<span>\n\t\t\t\t\t\t\t\t\t<i class=\"flaticon-goal\"><\/i>\n\t\t\t\t\t\t\t\t<\/span>\n\t\t\t\t\t\t\t<\/div>\n\t\t\t\t\t\t\t\t\t\t\t\t\t\t\t\t\t\t\t<h2 class=\"title\">\n\t\t\t\t\t\t\t\t\t\t\t\t\t\t\t\t\t<a class=\"second_font\" href=\"https:\/\/crmindalo.com\/pac\/ova_dep\/genero\/\">\n\t\t\t\t\t\t\t\t\t\tG\u00e9nero\t\t\t\t\t\t\t\t\t<\/a>\n\t\t\t\t\t\t\t\t\t\t\t\t\t\t\t<\/h2>\n\t\t\t\t\t\t\t\t\t\t\t\t\t\t\t\t\t\t\t<div class=\"descption\">\n\t\t\t\t\t\t\t\tCity employment issue opportunities are position descriptions are listed.\t\t\t\t\t\t\t<\/div>\n\t\t\t\t\t\t\t\t\t\t\t\t\t\t\t\t\t\t\t<a class=\"second_font readmore\" href=\"https:\/\/crmindalo.com\/pac\/ova_dep\/genero\/\" >\n\t\t\t\t\t\t\t\tLeer M\u00e1s\t\t\t\t\t\t\t\t<i data-feather=\"arrow-right\"><\/i>\n\t\t\t\t\t\t\t<\/a>\n\t\t\t\t\t\t\t\t\t\t\t<\/div>\n\t\t\t\t<\/div>\n\t\t\t<\/div>\n\t\t\t\t\t<div class=\"items elementor-items\">\n\t\t\t\t<div class=\"wp-item\">\n\t\t\t\t\t\t\t\t\t\t\t<div class=\"ova-media\">\n\t\t\t\t\t\t\t\t\t\t\t\t\t\t\t<a href=\"https:\/\/crmindalo.com\/pac\/ova_dep\/educacion\/\">\n\t\t\t\t\t\t\t\t\t<img loading=\"lazy\" decoding=\"async\" width=\"403\" height=\"220\" src=\"https:\/\/crmindalo.com\/pac\/wp-content\/uploads\/2024\/09\/educacion.jpg\" class=\"img-responsive wp-post-image\" alt=\"\" \/>\t\t\t\t\t\t\t\t<\/a>\n\t\t\t\t\t\t\t\t\t\t\t\t\t<\/div>\n\t\t\t\t\t\t\t\t\t\t<div class=\"ova-content\">\n\t\t\t\t\t\t\t\t\t\t\t\t\t<div class=\"icon\">\n\t\t\t\t\t\t\t\t<span>\n\t\t\t\t\t\t\t\t\t<i class=\"flaticon-mortarboard\"><\/i>\n\t\t\t\t\t\t\t\t<\/span>\n\t\t\t\t\t\t\t<\/div>\n\t\t\t\t\t\t\t\t\t\t\t\t\t\t\t\t\t\t\t<h2 class=\"title\">\n\t\t\t\t\t\t\t\t\t\t\t\t\t\t\t\t\t<a class=\"second_font\" href=\"https:\/\/crmindalo.com\/pac\/ova_dep\/educacion\/\">\n\t\t\t\t\t\t\t\t\t\tEducaci\u00f3n\t\t\t\t\t\t\t\t\t<\/a>\n\t\t\t\t\t\t\t\t\t\t\t\t\t\t\t<\/h2>\n\t\t\t\t\t\t\t\t\t\t\t\t\t\t\t\t\t\t\t<div class=\"descption\">\n\t\t\t\t\t\t\t\tAcci\u00f3n Ciudadana fortalece educaci\u00f3n con inversi\u00f3n hist\u00f3rica en infraestructura y bienestar estudiantil.\t\t\t\t\t\t\t<\/div>\n\t\t\t\t\t\t\t\t\t\t\t\t\t\t\t\t\t\t\t<a class=\"second_font readmore\" href=\"https:\/\/crmindalo.com\/pac\/ova_dep\/educacion\/\" >\n\t\t\t\t\t\t\t\tLeer M\u00e1s\t\t\t\t\t\t\t\t<i data-feather=\"arrow-right\"><\/i>\n\t\t\t\t\t\t\t<\/a>\n\t\t\t\t\t\t\t\t\t\t\t<\/div>\n\t\t\t\t<\/div>\n\t\t\t<\/div>\n\t\t\t\t\t<div class=\"items elementor-items\">\n\t\t\t\t<div class=\"wp-item\">\n\t\t\t\t\t\t\t\t\t\t\t<div class=\"ova-media\">\n\t\t\t\t\t\t\t\t\t\t\t\t\t\t\t<a href=\"https:\/\/crmindalo.com\/pac\/ova_dep\/conservacion-marina\/\">\n\t\t\t\t\t\t\t\t\t<img loading=\"lazy\" decoding=\"async\" width=\"403\" height=\"220\" src=\"https:\/\/crmindalo.com\/pac\/wp-content\/uploads\/2020\/07\/img_dep_8.jpg\" class=\"img-responsive wp-post-image\" alt=\"img_dep_8\" \/>\t\t\t\t\t\t\t\t<\/a>\n\t\t\t\t\t\t\t\t\t\t\t\t\t<\/div>\n\t\t\t\t\t\t\t\t\t\t<div class=\"ova-content\">\n\t\t\t\t\t\t\t\t\t\t\t\t\t<div class=\"icon\">\n\t\t\t\t\t\t\t\t<span>\n\t\t\t\t\t\t\t\t\t<i class=\"flaticon-police-car-3\"><\/i>\n\t\t\t\t\t\t\t\t<\/span>\n\t\t\t\t\t\t\t<\/div>\n\t\t\t\t\t\t\t\t\t\t\t\t\t\t\t\t\t\t\t<h2 class=\"title\">\n\t\t\t\t\t\t\t\t\t\t\t\t\t\t\t\t\t<a class=\"second_font\" href=\"https:\/\/crmindalo.com\/pac\/ova_dep\/conservacion-marina\/\">\n\t\t\t\t\t\t\t\t\t\tConservaci\u00f3n Marina\t\t\t\t\t\t\t\t\t<\/a>\n\t\t\t\t\t\t\t\t\t\t\t\t\t\t\t<\/h2>\n\t\t\t\t\t\t\t\t\t\t\t\t\t\t\t\t\t\t\t<div class=\"descption\">\n\t\t\t\t\t\t\t\tWe differentiate ourselves from all the other australian by the real factors.\r\n\t\t\t\t\t\t\t<\/div>\n\t\t\t\t\t\t\t\t\t\t\t\t\t\t\t\t\t\t\t<a class=\"second_font readmore\" href=\"https:\/\/crmindalo.com\/pac\/ova_dep\/conservacion-marina\/\" >\n\t\t\t\t\t\t\t\tLeer M\u00e1s\t\t\t\t\t\t\t\t<i data-feather=\"arrow-right\"><\/i>\n\t\t\t\t\t\t\t<\/a>\n\t\t\t\t\t\t\t\t\t\t\t<\/div>\n\t\t\t\t<\/div>\n\t\t\t<\/div>\n\t\t\t\t\t<div class=\"items elementor-items\">\n\t\t\t\t<div class=\"wp-item\">\n\t\t\t\t\t\t\t\t\t\t\t<div class=\"ova-media\">\n\t\t\t\t\t\t\t\t\t\t\t\t\t\t\t<a href=\"https:\/\/crmindalo.com\/pac\/ova_dep\/pandemia\/\">\n\t\t\t\t\t\t\t\t\t<img loading=\"lazy\" decoding=\"async\" width=\"403\" height=\"220\" src=\"https:\/\/crmindalo.com\/pac\/wp-content\/uploads\/2024\/09\/pandemia.jpg\" class=\"img-responsive wp-post-image\" alt=\"\" \/>\t\t\t\t\t\t\t\t<\/a>\n\t\t\t\t\t\t\t\t\t\t\t\t\t<\/div>\n\t\t\t\t\t\t\t\t\t\t<div class=\"ova-content\">\n\t\t\t\t\t\t\t\t\t\t\t\t\t<div class=\"icon\">\n\t\t\t\t\t\t\t\t<span>\n\t\t\t\t\t\t\t\t\t<i class=\"flaticon-pulse\"><\/i>\n\t\t\t\t\t\t\t\t<\/span>\n\t\t\t\t\t\t\t<\/div>\n\t\t\t\t\t\t\t\t\t\t\t\t\t\t\t\t\t\t\t<h2 class=\"title\">\n\t\t\t\t\t\t\t\t\t\t\t\t\t\t\t\t\t<a class=\"second_font\" href=\"https:\/\/crmindalo.com\/pac\/ova_dep\/pandemia\/\">\n\t\t\t\t\t\t\t\t\t\tPandemia\t\t\t\t\t\t\t\t\t<\/a>\n\t\t\t\t\t\t\t\t\t\t\t\t\t\t\t<\/h2>\n\t\t\t\t\t\t\t\t\t\t\t\t\t\t\t\t\t\t\t<div class=\"descption\">\n\t\t\t\t\t\t\t\tAcci\u00f3n Ciudadana responde al COVID-19 con apoyo econ\u00f3mico, vacunaci\u00f3n y reactivaci\u00f3n.\t\t\t\t\t\t\t<\/div>\n\t\t\t\t\t\t\t\t\t\t\t\t\t\t\t\t\t\t\t<a class=\"second_font readmore\" href=\"https:\/\/crmindalo.com\/pac\/ova_dep\/pandemia\/\" >\n\t\t\t\t\t\t\t\tLeer M\u00e1s\t\t\t\t\t\t\t\t<i data-feather=\"arrow-right\"><\/i>\n\t\t\t\t\t\t\t<\/a>\n\t\t\t\t\t\t\t\t\t\t\t<\/div>\n\t\t\t\t<\/div>\n\t\t\t<\/div>\n\t\t\t<\/div>\n<\/div>\t\t<\/div>\n\t\t\t\t<\/div>\n\t\t\t\t\t<\/div>\n\t\t<\/div>\n\t\t\t\t\t<\/div>\n\t\t<\/section>\n\t\t\t\t<\/div>\n\t\t","protected":false},"excerpt":{"rendered":"<p>Los logros de nuestros gobiernos We are offering the following information&#8217;s about us that what we actually. Derechos Humanos Acci\u00f3n Ciudadana impulsa derechos humanos, inclusi\u00f3n migrante, diversidad y equidad social. Leer M\u00e1s Econom\u00eda Acci\u00f3n Ciudadana impulsa econom\u00eda sostenible, controla inflaci\u00f3n y facilita cr\u00e9ditos para emprendedores. Leer M\u00e1s Infraestructura Acci\u00f3n Ciudadana fortalece infraestructura en agua, educaci\u00f3n [&hellip;]<\/p>\n","protected":false},"author":1,"featured_media":623,"parent":0,"menu_order":0,"comment_status":"closed","ping_status":"closed","template":"elementor_header_footer","meta":{"footnotes":""},"class_list":["post-5840","page","type-page","status-publish","has-post-thumbnail","hentry"],"_links":{"self":[{"href":"https:\/\/crmindalo.com\/pac\/wp-json\/wp\/v2\/pages\/5840","targetHints":{"allow":["GET"]}}],"collection":[{"href":"https:\/\/crmindalo.com\/pac\/wp-json\/wp\/v2\/pages"}],"about":[{"href":"https:\/\/crmindalo.com\/pac\/wp-json\/wp\/v2\/types\/page"}],"author":[{"embeddable":true,"href":"https:\/\/crmindalo.com\/pac\/wp-json\/wp\/v2\/users\/1"}],"replies":[{"embeddable":true,"href":"https:\/\/crmindalo.com\/pac\/wp-json\/wp\/v2\/comments?post=5840"}],"version-history":[{"count":10,"href":"https:\/\/crmindalo.com\/pac\/wp-json\/wp\/v2\/pages\/5840\/revisions"}],"predecessor-version":[{"id":7020,"href":"https:\/\/crmindalo.com\/pac\/wp-json\/wp\/v2\/pages\/5840\/revisions\/7020"}],"wp:featuredmedia":[{"embeddable":true,"href":"https:\/\/crmindalo.com\/pac\/wp-json\/wp\/v2\/media\/623"}],"wp:attachment":[{"href":"https:\/\/crmindalo.com\/pac\/wp-json\/wp\/v2\/media?parent=5840"}],"curies":[{"name":"wp","href":"https:\/\/api.w.org\/{rel}","templated":true}]}}