{"id":5831,"date":"2024-09-27T02:20:30","date_gmt":"2024-09-27T02:20:30","guid":{"rendered":"https:\/\/crmindalo.com\/pac\/?page_id=5831"},"modified":"2024-12-13T15:17:39","modified_gmt":"2024-12-13T15:17:39","slug":"etica-pac","status":"publish","type":"page","link":"https:\/\/crmindalo.com\/pac\/etica-pac\/","title":{"rendered":"\u00c9tica PAC"},"content":{"rendered":"\t\t<div data-elementor-type=\"wp-page\" data-elementor-id=\"5831\" class=\"elementor elementor-5831\">\n\t\t\t\t\t\t<section class=\"elementor-section elementor-top-section elementor-element elementor-element-feeccb7 elementor-section-boxed elementor-section-height-default elementor-section-height-default\" data-id=\"feeccb7\" data-element_type=\"section\" data-settings=\"{&quot;background_background&quot;:&quot;classic&quot;}\">\n\t\t\t\t\t\t<div class=\"elementor-container elementor-column-gap-default\">\n\t\t\t\t\t<div class=\"elementor-column elementor-col-50 elementor-top-column elementor-element elementor-element-7ad3716\" data-id=\"7ad3716\" data-element_type=\"column\">\n\t\t\t<div class=\"elementor-widget-wrap elementor-element-populated\">\n\t\t\t\t\t\t<div class=\"elementor-element elementor-element-f53e959 elementor-widget elementor-widget-heading\" data-id=\"f53e959\" data-element_type=\"widget\" data-widget_type=\"heading.default\">\n\t\t\t\t<div class=\"elementor-widget-container\">\n\t\t\t<h2 class=\"elementor-heading-title elementor-size-default\">Para Acci\u00f3n Ciudadana, la \u00e9tica es el pilar que gu\u00eda nuestra labor pol\u00edtica y p\u00fablica.<\/h2>\t\t<\/div>\n\t\t\t\t<\/div>\n\t\t\t\t<div class=\"elementor-element elementor-element-9d29f82 elementor-widget elementor-widget-text-editor\" data-id=\"9d29f82\" data-element_type=\"widget\" data-widget_type=\"text-editor.default\">\n\t\t\t\t<div class=\"elementor-widget-container\">\n\t\t\t\t\t\t\t<p>Nuestros c\u00f3digos de \u00e9tica se basan en principios clave como el cuidado extremo de los recursos p\u00fablicos, la despolitizaci\u00f3n de decisiones, la b\u00fasqueda constante de la verdad, la eliminaci\u00f3n de la impunidad y la precisi\u00f3n en la identificaci\u00f3n de transgresiones.<\/p>\t\t\t\t\t\t<\/div>\n\t\t\t\t<\/div>\n\t\t\t\t<div class=\"elementor-element elementor-element-0124450 elementor-widget elementor-widget-text-editor\" data-id=\"0124450\" data-element_type=\"widget\" data-widget_type=\"text-editor.default\">\n\t\t\t\t<div class=\"elementor-widget-container\">\n\t\t\t\t\t\t\t<p>Estos valores no fueron definidos en un vac\u00edo, sino como respuesta a los vicios y desaf\u00edos del ejercicio pol\u00edtico tanto en Costa Rica como en el mundo. Eran cruciales al momento de fundar el AC y, hoy m\u00e1s que nunca, siguen siendo indispensables para asegurar que nuestro partido sea un motor positivo para el desarrollo y bienestar de Costa Rica.<\/p>\t\t\t\t\t\t<\/div>\n\t\t\t\t<\/div>\n\t\t\t\t\t<\/div>\n\t\t<\/div>\n\t\t\t\t<div class=\"elementor-column elementor-col-50 elementor-top-column elementor-element elementor-element-c706412\" data-id=\"c706412\" data-element_type=\"column\">\n\t\t\t<div class=\"elementor-widget-wrap elementor-element-populated\">\n\t\t\t\t\t\t<div class=\"elementor-element elementor-element-7e3f4d6 elementor-widget elementor-widget-image\" data-id=\"7e3f4d6\" data-element_type=\"widget\" data-widget_type=\"image.default\">\n\t\t\t\t<div class=\"elementor-widget-container\">\n\t\t\t\t\t\t\t\t\t\t\t\t\t<img fetchpriority=\"high\" decoding=\"async\" width=\"1024\" height=\"682\" src=\"https:\/\/crmindalo.com\/pac\/wp-content\/uploads\/2024\/11\/otton-solis-etica-1024x682.jpg\" class=\"attachment-large size-large wp-image-6440\" alt=\"\" srcset=\"https:\/\/crmindalo.com\/pac\/wp-content\/uploads\/2024\/11\/otton-solis-etica-1024x682.jpg 1024w, https:\/\/crmindalo.com\/pac\/wp-content\/uploads\/2024\/11\/otton-solis-etica-300x200.jpg 300w, https:\/\/crmindalo.com\/pac\/wp-content\/uploads\/2024\/11\/otton-solis-etica-768x512.jpg 768w, https:\/\/crmindalo.com\/pac\/wp-content\/uploads\/2024\/11\/otton-solis-etica-600x400.jpg 600w, https:\/\/crmindalo.com\/pac\/wp-content\/uploads\/2024\/11\/otton-solis-etica-560x373.jpg 560w, https:\/\/crmindalo.com\/pac\/wp-content\/uploads\/2024\/11\/otton-solis-etica.jpg 1280w\" sizes=\"(max-width: 1024px) 100vw, 1024px\" \/>\t\t\t\t\t\t\t\t\t\t\t\t\t<\/div>\n\t\t\t\t<\/div>\n\t\t\t\t<div class=\"elementor-element elementor-element-726ef9b elementor-widget__width-auto elementor-absolute elementor-widget elementor-widget-ova_box_learnmore\" data-id=\"726ef9b\" data-element_type=\"widget\" data-settings=\"{&quot;_position&quot;:&quot;absolute&quot;}\" data-widget_type=\"ova_box_learnmore.default\">\n\t\t\t\t<div class=\"elementor-widget-container\">\n\t\t\t\t\t<div class=\"ova_box_learnmore\">\n\t\t\t<div class=\"content\">\n\t\t\t\t\t\t\t\t\t\t<p class=\"title second_font\">\n\t\t\t\t\t\t\t\"En Acci\u00f3n Ciudadana, nuestra raz\u00f3n de ser es la gente\"\t\t\t\t\t\t<\/p>\n\t\t\t\t\t\t\n\t\t\t\t\t\t\t<\/div>\n\t\t<\/div>\n\t\t\t\t<\/div>\n\t\t\t\t<\/div>\n\t\t\t\t\t<\/div>\n\t\t<\/div>\n\t\t\t\t\t<\/div>\n\t\t<\/section>\n\t\t\t\t<section class=\"elementor-section elementor-top-section elementor-element elementor-element-d3b36c3 elementor-section-boxed elementor-section-height-default elementor-section-height-default\" data-id=\"d3b36c3\" data-element_type=\"section\">\n\t\t\t\t\t\t<div class=\"elementor-container elementor-column-gap-default\">\n\t\t\t\t\t<div class=\"elementor-column elementor-col-100 elementor-top-column elementor-element elementor-element-ab3863c\" data-id=\"ab3863c\" data-element_type=\"column\">\n\t\t\t<div class=\"elementor-widget-wrap elementor-element-populated\">\n\t\t\t\t\t\t<div class=\"elementor-element elementor-element-8133573 elementor-widget elementor-widget-ova_heading\" data-id=\"8133573\" data-element_type=\"widget\" data-widget_type=\"ova_heading.default\">\n\t\t\t\t<div class=\"elementor-widget-container\">\n\t\t\t\t\t<div class=\"ova-heading\">\n\t\t\t\n\t\t\t\t\t\t\t<h3 class=\"title second_font\">La \u00e9tica en el <br>Partido Acci\u00f3n Ciudadana<\/h3>\n\t\t\t\n\t\t\t\t\t\t\t<p class=\"sub-title \">La pol\u00edtica, tal y como la concibe el AC, es una actividad de servicio a los dem\u00e1s, por ello, desde el punto de vista moral, es inherentemente buena. Sin embargo, ante la imperfecci\u00f3n humana y las oportunidades que ofrece su ejercicio para comportamientos alejados de ese principio, es necesario hacer expl\u00edcito y codificar cuales se ajustan al bien y cu\u00e1les al mal -la \u00e9tica- de acuerdo esa caracter\u00edstica intr\u00ednseca a la pol\u00edtica.\n<br><br>A partir de estos conceptos, el AC demanda de las personas que asumen cargos pol\u00edticos y del partido en lo que corresponda, los siguientes cinco comportamientos:\n<\/p>\n\t\t\t\n\t\t<\/div>\n\t\t\t\t<\/div>\n\t\t\t\t<\/div>\n\t\t\t\t<div class=\"elementor-element elementor-element-d44b2d5 elementor-tabs-view-horizontal elementor-widget elementor-widget-tabs\" data-id=\"d44b2d5\" data-element_type=\"widget\" data-widget_type=\"tabs.default\">\n\t\t\t\t<div class=\"elementor-widget-container\">\n\t\t\t\t\t<div class=\"elementor-tabs\">\n\t\t\t<div class=\"elementor-tabs-wrapper\" role=\"tablist\" >\n\t\t\t\t\t\t\t\t\t<div id=\"elementor-tab-title-2221\" class=\"elementor-tab-title elementor-tab-desktop-title\" aria-selected=\"true\" data-tab=\"1\" role=\"tab\" tabindex=\"0\" aria-controls=\"elementor-tab-content-2221\" aria-expanded=\"false\">Recursos P\u00fablicos<\/div>\n\t\t\t\t\t\t\t\t\t<div id=\"elementor-tab-title-2222\" class=\"elementor-tab-title elementor-tab-desktop-title\" aria-selected=\"false\" data-tab=\"2\" role=\"tab\" tabindex=\"-1\" aria-controls=\"elementor-tab-content-2222\" aria-expanded=\"false\">Decisiones<\/div>\n\t\t\t\t\t\t\t\t\t<div id=\"elementor-tab-title-2223\" class=\"elementor-tab-title elementor-tab-desktop-title\" aria-selected=\"false\" data-tab=\"3\" role=\"tab\" tabindex=\"-1\" aria-controls=\"elementor-tab-content-2223\" aria-expanded=\"false\">Mentira<\/div>\n\t\t\t\t\t\t\t\t\t<div id=\"elementor-tab-title-2224\" class=\"elementor-tab-title elementor-tab-desktop-title\" aria-selected=\"false\" data-tab=\"4\" role=\"tab\" tabindex=\"-1\" aria-controls=\"elementor-tab-content-2224\" aria-expanded=\"false\">Impunidad<\/div>\n\t\t\t\t\t\t\t\t\t<div id=\"elementor-tab-title-2225\" class=\"elementor-tab-title elementor-tab-desktop-title\" aria-selected=\"false\" data-tab=\"5\" role=\"tab\" tabindex=\"-1\" aria-controls=\"elementor-tab-content-2225\" aria-expanded=\"false\">L\u00edmites<\/div>\n\t\t\t\t\t\t\t<\/div>\n\t\t\t<div class=\"elementor-tabs-content-wrapper\" role=\"tablist\" aria-orientation=\"vertical\">\n\t\t\t\t\t\t\t\t\t<div class=\"elementor-tab-title elementor-tab-mobile-title\" aria-selected=\"true\" data-tab=\"1\" role=\"tab\" tabindex=\"0\" aria-controls=\"elementor-tab-content-2221\" aria-expanded=\"false\">Recursos P\u00fablicos<\/div>\n\t\t\t\t\t<div id=\"elementor-tab-content-2221\" class=\"elementor-tab-content elementor-clearfix\" data-tab=\"1\" role=\"tabpanel\" aria-labelledby=\"elementor-tab-title-2221\" tabindex=\"0\" hidden=\"false\"><p>No <strong>utilizar recursos p\u00fablicos<\/strong> para beneficio personal, familiar o de amigos ni para beneficiar al Partido. La mayor\u00eda de las transgresiones en este campo ya est\u00e1n prohibidas en nuestro ordenamiento jur\u00eddico, sin embargo, el PAC va m\u00e1s all\u00e1 de los l\u00edmites establecidos en ese ordenamiento, imponiendo l\u00edmites m\u00e1s severos cuando considera que la legislaci\u00f3n existente permite el abuso.<\/p><\/div>\n\t\t\t\t\t\t\t\t\t<div class=\"elementor-tab-title elementor-tab-mobile-title\" aria-selected=\"false\" data-tab=\"2\" role=\"tab\" tabindex=\"-1\" aria-controls=\"elementor-tab-content-2222\" aria-expanded=\"false\">Decisiones<\/div>\n\t\t\t\t\t<div id=\"elementor-tab-content-2222\" class=\"elementor-tab-content elementor-clearfix\" data-tab=\"2\" role=\"tabpanel\" aria-labelledby=\"elementor-tab-title-2222\" tabindex=\"0\" hidden=\"hidden\"><p>Cuando se ejerce el poder, <strong>no tomar decisiones<\/strong> sobre nombramientos o selecci\u00f3n de obras a financiar <strong>siguiendo criterios pol\u00edtico partidistas<\/strong> ajenos a estudios rigurosos y t\u00e9cnicos y al inter\u00e9s nacional, tal y como el PAC lo ha definido en sus estatutos, manifiestos y convocatorias.<\/p><\/div>\n\t\t\t\t\t\t\t\t\t<div class=\"elementor-tab-title elementor-tab-mobile-title\" aria-selected=\"false\" data-tab=\"3\" role=\"tab\" tabindex=\"-1\" aria-controls=\"elementor-tab-content-2223\" aria-expanded=\"false\">Mentira<\/div>\n\t\t\t\t\t<div id=\"elementor-tab-content-2223\" class=\"elementor-tab-content elementor-clearfix\" data-tab=\"3\" role=\"tabpanel\" aria-labelledby=\"elementor-tab-title-2223\" tabindex=\"0\" hidden=\"hidden\"><p><strong>No mentirle<\/strong> a la poblaci\u00f3n. La mentira ocurre cuando se hacen promesas en campa\u00f1a que no se intentan cumplir s\u00f3lo porque son atractivas para un sector de los votantes, cuando en campa\u00f1a se evita mencionar acciones que se intenta ejecutar en gobierno pero que podr\u00edan no gustarle a un sector de los votantes y cuando en campa\u00f1a o en gobierno se utiliza un lenguaje gen\u00e9rico con el fin de evitar que de la precisi\u00f3n se genere oposici\u00f3n.<\/p><\/div>\n\t\t\t\t\t\t\t\t\t<div class=\"elementor-tab-title elementor-tab-mobile-title\" aria-selected=\"false\" data-tab=\"4\" role=\"tab\" tabindex=\"-1\" aria-controls=\"elementor-tab-content-2224\" aria-expanded=\"false\">Impunidad<\/div>\n\t\t\t\t\t<div id=\"elementor-tab-content-2224\" class=\"elementor-tab-content elementor-clearfix\" data-tab=\"4\" role=\"tabpanel\" aria-labelledby=\"elementor-tab-title-2224\" tabindex=\"0\" hidden=\"hidden\"><p><strong>No <\/strong>beneficiar con<strong> impunidad <\/strong>los miembros del Partido y las personas electas por el Partido, por m\u00e1s prominentes que sean sus cargos, cuando incurran en transgresiones relacionadas con 1, 2 y 3. Las autoridades del Partido y sus \u00f3rganos deben actuar, no en reacci\u00f3n ante denuncias de la oposici\u00f3n o la prensa sino, tomado la iniciativa y gui\u00e1ndose por las especificaciones contempladas en los c\u00f3digos de \u00e9tica derivados de 1, 2, y 3, sin c\u00e1lculos derivados de una mal concebida lealtad al partido o a personas<\/p><\/div>\n\t\t\t\t\t\t\t\t\t<div class=\"elementor-tab-title elementor-tab-mobile-title\" aria-selected=\"false\" data-tab=\"5\" role=\"tab\" tabindex=\"-1\" aria-controls=\"elementor-tab-content-2225\" aria-expanded=\"false\">L\u00edmites<\/div>\n\t\t\t\t\t<div id=\"elementor-tab-content-2225\" class=\"elementor-tab-content elementor-clearfix\" data-tab=\"5\" role=\"tabpanel\" aria-labelledby=\"elementor-tab-title-2225\" tabindex=\"0\" hidden=\"hidden\"><p>Normar lo relativo a 1, 2, 3 y 4 por medio de <strong>codificaciones con l\u00edmites cuantitativos, concretos y verificables<\/strong> por la poblaci\u00f3n, la oposici\u00f3n y la prensa y con estipulaciones contundentes <em>blanco y negro<\/em> sobre lo que no es permitido. Ello para evitar las facilidades para la corrupci\u00f3n que se derivan de afirmaciones o llamados generalistas.<\/p><\/div>\n\t\t\t\t\t\t\t<\/div>\n\t\t<\/div>\n\t\t\t\t<\/div>\n\t\t\t\t<\/div>\n\t\t\t\t<div class=\"elementor-element elementor-element-1c2c18e elementor-widget elementor-widget-spacer\" data-id=\"1c2c18e\" data-element_type=\"widget\" data-widget_type=\"spacer.default\">\n\t\t\t\t<div class=\"elementor-widget-container\">\n\t\t\t\t\t<div class=\"elementor-spacer\">\n\t\t\t<div class=\"elementor-spacer-inner\"><\/div>\n\t\t<\/div>\n\t\t\t\t<\/div>\n\t\t\t\t<\/div>\n\t\t\t\t\t<\/div>\n\t\t<\/div>\n\t\t\t\t\t<\/div>\n\t\t<\/section>\n\t\t\t\t<section class=\"elementor-section elementor-top-section elementor-element elementor-element-096138f elementor-section-boxed elementor-section-height-default elementor-section-height-default\" data-id=\"096138f\" data-element_type=\"section\" data-settings=\"{&quot;background_background&quot;:&quot;classic&quot;}\">\n\t\t\t\t\t\t<div class=\"elementor-container elementor-column-gap-default\">\n\t\t\t\t\t<div class=\"elementor-column elementor-col-50 elementor-top-column elementor-element elementor-element-8830b22\" data-id=\"8830b22\" data-element_type=\"column\">\n\t\t\t<div class=\"elementor-widget-wrap elementor-element-populated\">\n\t\t\t\t\t\t<div class=\"elementor-element elementor-element-ff06b16 elementor-widget elementor-widget-heading\" data-id=\"ff06b16\" data-element_type=\"widget\" data-widget_type=\"heading.default\">\n\t\t\t\t<div class=\"elementor-widget-container\">\n\t\t\t<h2 class=\"elementor-heading-title elementor-size-default\">Revisa  Nuestros <br>C\u00f3digos de Etica<\/h2>\t\t<\/div>\n\t\t\t\t<\/div>\n\t\t\t\t<div class=\"elementor-element elementor-element-6ad4c53 elementor-widget elementor-widget-text-editor\" data-id=\"6ad4c53\" data-element_type=\"widget\" data-widget_type=\"text-editor.default\">\n\t\t\t\t<div class=\"elementor-widget-container\">\n\t\t\t\t\t\t\t<p>\u00a0Inf\u00f3rmate sobre los principios que gu\u00edan al Partido Acci\u00f3n Ciudadana.<\/p>\t\t\t\t\t\t<\/div>\n\t\t\t\t<\/div>\n\t\t\t\t\t<\/div>\n\t\t<\/div>\n\t\t\t\t<div class=\"elementor-column elementor-col-50 elementor-top-column elementor-element elementor-element-9cdb718\" data-id=\"9cdb718\" data-element_type=\"column\">\n\t\t\t<div class=\"elementor-widget-wrap elementor-element-populated\">\n\t\t\t\t\t\t<section class=\"elementor-section elementor-inner-section elementor-element elementor-element-c6f3aff elementor-section-boxed elementor-section-height-default elementor-section-height-default\" data-id=\"c6f3aff\" data-element_type=\"section\">\n\t\t\t\t\t\t<div class=\"elementor-container elementor-column-gap-default\">\n\t\t\t\t\t<div class=\"elementor-column elementor-col-50 elementor-inner-column elementor-element elementor-element-68bcf83\" data-id=\"68bcf83\" data-element_type=\"column\">\n\t\t\t<div class=\"elementor-widget-wrap elementor-element-populated\">\n\t\t\t\t\t\t<div class=\"elementor-element elementor-element-9eaa044 elementor-widget__width-inherit elementor-widget elementor-widget-ova_list_link\" data-id=\"9eaa044\" data-element_type=\"widget\" data-widget_type=\"ova_list_link.default\">\n\t\t\t\t<div class=\"elementor-widget-container\">\n\t\t\t\t\t<div class=\"ova_list_link box-shadow\">\n\t\t\t\t\t\t\t\t\t<ul class=\"content\">\n\t\t\t\t\t\t\t\t\t<li class=\"item\">\n\t\t\t\t\t\t<a href=\"https:\/\/demo.ovatheme.com\/egovt\/ova_sev\/your-goverment\/\">\n\t\t\t\t\t\t\tC\u00f3digo de \u00c9tica Alcaldes\t\t\t\t\t\t\t\t\t\t\t\t\t\t<span class=\"icon\">\n\t\t\t\t\t\t\t\t<i data-feather=\"chevron-right\"><\/i>\n\t\t\t\t\t\t\t<\/span>\n\t\t\t\t\t\t    \t\t\t\t\t\t    \t\t\t\t\t\t\t<span class=\"icon-hover\">\n\t\t\t\t\t\t\t\t<i data-feather=\"arrow-right\"><\/i>\n\t\t\t\t\t\t\t<\/span>\n\t\t\t\t\t\t\t \t\t\t\t\t\t<\/a>\n\n\t\t\t\t\t<\/li>\n\t\t\t\t\t\t\t\t\t<li class=\"item\">\n\t\t\t\t\t\t<a href=\"https:\/\/demo.ovatheme.com\/egovt\/ova_sev\/jobs-and-unemployment\/\">\n\t\t\t\t\t\t\tC\u00f3digo de \u00c9tica Diputados\t\t\t\t\t\t\t\t\t\t\t\t\t\t<span class=\"icon\">\n\t\t\t\t\t\t\t\t<i data-feather=\"chevron-right\"><\/i>\n\t\t\t\t\t\t\t<\/span>\n\t\t\t\t\t\t    \t\t\t\t\t\t    \t\t\t\t\t\t\t<span class=\"icon-hover\">\n\t\t\t\t\t\t\t\t<i data-feather=\"arrow-right\"><\/i>\n\t\t\t\t\t\t\t<\/span>\n\t\t\t\t\t\t\t \t\t\t\t\t\t<\/a>\n\n\t\t\t\t\t<\/li>\n\t\t\t\t\t\t\t\t\t<li class=\"item\">\n\t\t\t\t\t\t<a href=\"https:\/\/demo.ovatheme.com\/egovt\/ova_sev\/business-and-industry-3\/\">\n\t\t\t\t\t\t\tC\u00f3digo de \u00c9tica Ejecutivo\t\t\t\t\t\t\t\t\t\t\t\t\t\t<span class=\"icon\">\n\t\t\t\t\t\t\t\t<i data-feather=\"chevron-right\"><\/i>\n\t\t\t\t\t\t\t<\/span>\n\t\t\t\t\t\t    \t\t\t\t\t\t    \t\t\t\t\t\t\t<span class=\"icon-hover\">\n\t\t\t\t\t\t\t\t<i data-feather=\"arrow-right\"><\/i>\n\t\t\t\t\t\t\t<\/span>\n\t\t\t\t\t\t\t \t\t\t\t\t\t<\/a>\n\n\t\t\t\t\t<\/li>\n\t\t\t\t\t\t\t<\/ul>\n\t\t\t\t\t<\/div>\n\t\t\t\t<\/div>\n\t\t\t\t<\/div>\n\t\t\t\t\t<\/div>\n\t\t<\/div>\n\t\t\t\t<div class=\"elementor-column elementor-col-50 elementor-inner-column elementor-element elementor-element-56af984\" data-id=\"56af984\" data-element_type=\"column\">\n\t\t\t<div class=\"elementor-widget-wrap elementor-element-populated\">\n\t\t\t\t\t\t<div class=\"elementor-element elementor-element-d671bf0 elementor-widget elementor-widget-ova_list_link\" data-id=\"d671bf0\" data-element_type=\"widget\" data-widget_type=\"ova_list_link.default\">\n\t\t\t\t<div class=\"elementor-widget-container\">\n\t\t\t\t\t<div class=\"ova_list_link \">\n\t\t\t\t\t\t\t\t\t<ul class=\"content\">\n\t\t\t\t\t\t\t\t\t<li class=\"item\">\n\t\t\t\t\t\t<a href=\"https:\/\/demo.ovatheme.com\/egovt\/ova_sev\/justice-safty-and-the-law\/\">\n\t\t\t\t\t\t\tC\u00f3digo de \u00c9tica Regidores\t\t\t\t\t\t\t\t\t\t\t\t\t\t<span class=\"icon\">\n\t\t\t\t\t\t\t\t<i data-feather=\"chevron-right\"><\/i>\n\t\t\t\t\t\t\t<\/span>\n\t\t\t\t\t\t    \t\t\t\t\t\t    \t\t\t\t\t\t\t<span class=\"icon-hover\">\n\t\t\t\t\t\t\t\t<i data-feather=\"arrow-right\"><\/i>\n\t\t\t\t\t\t\t<\/span>\n\t\t\t\t\t\t\t \t\t\t\t\t\t<\/a>\n\n\t\t\t\t\t<\/li>\n\t\t\t\t\t\t\t\t\t<li class=\"item\">\n\t\t\t\t\t\t<a href=\"https:\/\/demo.ovatheme.com\/egovt\/ova_sev\/education-and-skills\/\">\n\t\t\t\t\t\t\tC\u00f3digo de \u00c9tica S\u00edndicos\t\t\t\t\t\t\t\t\t\t\t\t\t\t<span class=\"icon\">\n\t\t\t\t\t\t\t\t<i data-feather=\"chevron-right\"><\/i>\n\t\t\t\t\t\t\t<\/span>\n\t\t\t\t\t\t    \t\t\t\t\t\t    \t\t\t\t\t\t\t<span class=\"icon-hover\">\n\t\t\t\t\t\t\t\t<i data-feather=\"arrow-right\"><\/i>\n\t\t\t\t\t\t\t<\/span>\n\t\t\t\t\t\t\t \t\t\t\t\t\t<\/a>\n\n\t\t\t\t\t<\/li>\n\t\t\t\t\t\t\t\t\t<li class=\"item\">\n\t\t\t\t\t\t<a href=\"https:\/\/demo.ovatheme.com\/egovt\/ova_sev\/health-and-securities\/\">\n\t\t\t\t\t\t\tProfessional Licenses\t\t\t\t\t\t\t\t\t\t\t\t\t\t<span class=\"icon\">\n\t\t\t\t\t\t\t\t<i data-feather=\"chevron-right\"><\/i>\n\t\t\t\t\t\t\t<\/span>\n\t\t\t\t\t\t    \t\t\t\t\t\t    \t\t\t\t\t\t\t<span class=\"icon-hover\">\n\t\t\t\t\t\t\t\t<i data-feather=\"arrow-right\"><\/i>\n\t\t\t\t\t\t\t<\/span>\n\t\t\t\t\t\t\t \t\t\t\t\t\t<\/a>\n\n\t\t\t\t\t<\/li>\n\t\t\t\t\t\t\t<\/ul>\n\t\t\t\t\t<\/div>\n\t\t\t\t<\/div>\n\t\t\t\t<\/div>\n\t\t\t\t\t<\/div>\n\t\t<\/div>\n\t\t\t\t\t<\/div>\n\t\t<\/section>\n\t\t\t\t\t<\/div>\n\t\t<\/div>\n\t\t\t\t\t<\/div>\n\t\t<\/section>\n\t\t\t\t<section class=\"elementor-section elementor-top-section elementor-element elementor-element-1f582ec elementor-section-boxed elementor-section-height-default elementor-section-height-default\" data-id=\"1f582ec\" data-element_type=\"section\">\n\t\t\t\t\t\t<div class=\"elementor-container elementor-column-gap-default\">\n\t\t\t\t\t<div class=\"elementor-column elementor-col-100 elementor-top-column elementor-element elementor-element-fb440c9\" data-id=\"fb440c9\" data-element_type=\"column\">\n\t\t\t<div class=\"elementor-widget-wrap\">\n\t\t\t\t\t\t\t<\/div>\n\t\t<\/div>\n\t\t\t\t\t<\/div>\n\t\t<\/section>\n\t\t\t\t<section class=\"elementor-section elementor-top-section elementor-element elementor-element-ed36fa3 elementor-section-boxed elementor-section-height-default elementor-section-height-default\" data-id=\"ed36fa3\" data-element_type=\"section\">\n\t\t\t\t\t\t<div class=\"elementor-container elementor-column-gap-default\">\n\t\t\t\t\t<div class=\"elementor-column elementor-col-100 elementor-top-column elementor-element elementor-element-7d829b4\" data-id=\"7d829b4\" data-element_type=\"column\">\n\t\t\t<div class=\"elementor-widget-wrap elementor-element-populated\">\n\t\t\t\t\t\t<div class=\"elementor-element elementor-element-6fa8ee2 elementor-widget elementor-widget-heading\" data-id=\"6fa8ee2\" data-element_type=\"widget\" data-widget_type=\"heading.default\">\n\t\t\t\t<div class=\"elementor-widget-container\">\n\t\t\t<h6 class=\"elementor-heading-title elementor-size-default\">Do you need help?<\/h6>\t\t<\/div>\n\t\t\t\t<\/div>\n\t\t\t\t<div class=\"elementor-element elementor-element-4c854b8 elementor-widget elementor-widget-heading\" data-id=\"4c854b8\" data-element_type=\"widget\" data-widget_type=\"heading.default\">\n\t\t\t\t<div class=\"elementor-widget-container\">\n\t\t\t<h2 class=\"elementor-heading-title elementor-size-default\">If you have any question,<br>Feel free to call us<\/h2>\t\t<\/div>\n\t\t\t\t<\/div>\n\t\t\t\t<div class=\"elementor-element elementor-element-f39c899 elementor-widget elementor-widget-text-editor\" data-id=\"f39c899\" data-element_type=\"widget\" data-widget_type=\"text-editor.default\">\n\t\t\t\t<div class=\"elementor-widget-container\">\n\t\t\t\t\t\t\t<p>Call Us Today At 1-800-500-7600 We are available to help 24 hours.<\/p>\t\t\t\t\t\t<\/div>\n\t\t\t\t<\/div>\n\t\t\t\t<div class=\"elementor-element elementor-element-a01e466 elementor-align-center egovt_button elementor-widget elementor-widget-button\" data-id=\"a01e466\" data-element_type=\"widget\" data-widget_type=\"button.default\">\n\t\t\t\t<div class=\"elementor-widget-container\">\n\t\t\t\t\t\t\t<div class=\"elementor-button-wrapper\">\n\t\t\t\t\t<a class=\"elementor-button elementor-button-link elementor-size-sm\" href=\"https:\/\/demo.ovatheme.com\/egovt\/contact-1\/\">\n\t\t\t\t\t\t<span class=\"elementor-button-content-wrapper\">\n\t\t\t\t\t\t\t\t\t<span class=\"elementor-button-text\">Contact Us Now<\/span>\n\t\t\t\t\t<\/span>\n\t\t\t\t\t<\/a>\n\t\t\t\t<\/div>\n\t\t\t\t\t\t<\/div>\n\t\t\t\t<\/div>\n\t\t\t\t\t<\/div>\n\t\t<\/div>\n\t\t\t\t\t<\/div>\n\t\t<\/section>\n\t\t\t\t<\/div>\n\t\t","protected":false},"excerpt":{"rendered":"<p>Para Acci\u00f3n Ciudadana, la \u00e9tica es el pilar que gu\u00eda nuestra labor pol\u00edtica y p\u00fablica. Nuestros c\u00f3digos de \u00e9tica se basan en principios clave como el cuidado extremo de los recursos p\u00fablicos, la despolitizaci\u00f3n de decisiones, la b\u00fasqueda constante de la verdad, la eliminaci\u00f3n de la impunidad y la precisi\u00f3n en la identificaci\u00f3n de transgresiones. [&hellip;]<\/p>\n","protected":false},"author":1,"featured_media":859,"parent":0,"menu_order":0,"comment_status":"closed","ping_status":"closed","template":"elementor_header_footer","meta":{"footnotes":""},"class_list":["post-5831","page","type-page","status-publish","has-post-thumbnail","hentry"],"_links":{"self":[{"href":"https:\/\/crmindalo.com\/pac\/wp-json\/wp\/v2\/pages\/5831","targetHints":{"allow":["GET"]}}],"collection":[{"href":"https:\/\/crmindalo.com\/pac\/wp-json\/wp\/v2\/pages"}],"about":[{"href":"https:\/\/crmindalo.com\/pac\/wp-json\/wp\/v2\/types\/page"}],"author":[{"embeddable":true,"href":"https:\/\/crmindalo.com\/pac\/wp-json\/wp\/v2\/users\/1"}],"replies":[{"embeddable":true,"href":"https:\/\/crmindalo.com\/pac\/wp-json\/wp\/v2\/comments?post=5831"}],"version-history":[{"count":34,"href":"https:\/\/crmindalo.com\/pac\/wp-json\/wp\/v2\/pages\/5831\/revisions"}],"predecessor-version":[{"id":7016,"href":"https:\/\/crmindalo.com\/pac\/wp-json\/wp\/v2\/pages\/5831\/revisions\/7016"}],"wp:featuredmedia":[{"embeddable":true,"href":"https:\/\/crmindalo.com\/pac\/wp-json\/wp\/v2\/media\/859"}],"wp:attachment":[{"href":"https:\/\/crmindalo.com\/pac\/wp-json\/wp\/v2\/media?parent=5831"}],"curies":[{"name":"wp","href":"https:\/\/api.w.org\/{rel}","templated":true}]}}