{"id":4343,"date":"2021-01-06T01:36:51","date_gmt":"2021-01-06T01:36:51","guid":{"rendered":"https:\/\/demo.ovatheme.com\/egovt\/?page_id=4343"},"modified":"2024-12-07T18:36:36","modified_gmt":"2024-12-07T18:36:36","slug":"donate","status":"publish","type":"page","link":"https:\/\/crmindalo.com\/pac\/donate\/","title":{"rendered":"Donate"},"content":{"rendered":"\t\t<div data-elementor-type=\"wp-page\" data-elementor-id=\"4343\" class=\"elementor elementor-4343\">\n\t\t\t\t\t\t<section class=\"elementor-section elementor-top-section elementor-element elementor-element-1613df3 elementor-section-boxed elementor-section-height-default elementor-section-height-default\" data-id=\"1613df3\" data-element_type=\"section\" data-settings=\"{&quot;background_background&quot;:&quot;classic&quot;}\">\n\t\t\t\t\t\t<div class=\"elementor-container elementor-column-gap-default\">\n\t\t\t\t\t<div class=\"elementor-column elementor-col-50 elementor-top-column elementor-element elementor-element-cc891ff egovt_stretch_column_left\" data-id=\"cc891ff\" data-element_type=\"column\" data-settings=\"{&quot;background_background&quot;:&quot;classic&quot;}\">\n\t\t\t<div class=\"elementor-widget-wrap elementor-element-populated\">\n\t\t\t\t\t\t<div class=\"elementor-element elementor-element-9a2f328 elementor-widget__width-auto play_home9 elementor-widget-mobile__width-auto elementor-absolute elementor-widget elementor-widget-video\" data-id=\"9a2f328\" data-element_type=\"widget\" data-settings=\"{&quot;show_image_overlay&quot;:&quot;yes&quot;,&quot;image_overlay&quot;:{&quot;url&quot;:&quot;https:\\\/\\\/crmindalo.com\\\/pac\\\/wp-content\\\/uploads\\\/2020\\\/08\\\/icon_play.png&quot;,&quot;id&quot;:1318,&quot;size&quot;:&quot;&quot;,&quot;alt&quot;:&quot;icon_play&quot;,&quot;source&quot;:&quot;library&quot;},&quot;lightbox&quot;:&quot;yes&quot;,&quot;_position&quot;:&quot;absolute&quot;,&quot;video_type&quot;:&quot;hosted&quot;,&quot;controls&quot;:&quot;yes&quot;}\" data-widget_type=\"video.default\">\n\t\t\t\t<div class=\"elementor-widget-container\">\n\t\t\t\t\t<div class=\"e-hosted-video elementor-wrapper elementor-open-lightbox\">\n\t\t\t\t\t\t\t<div class=\"elementor-custom-embed-image-overlay\" data-elementor-open-lightbox=\"yes\" data-elementor-lightbox=\"{&quot;type&quot;:&quot;video&quot;,&quot;videoType&quot;:&quot;hosted&quot;,&quot;url&quot;:&quot;https:\\\/\\\/crmindalo.com\\\/pac\\\/wp-content\\\/uploads\\\/2024\\\/12\\\/donaciones-pac.mp4&quot;,&quot;autoplay&quot;:&quot;&quot;,&quot;modalOptions&quot;:{&quot;id&quot;:&quot;elementor-lightbox-9a2f328&quot;,&quot;entranceAnimation&quot;:&quot;&quot;,&quot;entranceAnimation_tablet&quot;:&quot;&quot;,&quot;entranceAnimation_mobile&quot;:&quot;&quot;,&quot;videoAspectRatio&quot;:&quot;169&quot;},&quot;videoParams&quot;:{&quot;controls&quot;:&quot;&quot;,&quot;preload&quot;:&quot;metadata&quot;,&quot;controlsList&quot;:&quot;nodownload&quot;}}\" data-e-action-hash=\"#elementor-action%3Aaction%3Dlightbox%26settings%3DeyJ0eXBlIjoidmlkZW8iLCJ2aWRlb1R5cGUiOiJob3N0ZWQiLCJ1cmwiOiJodHRwczpcL1wvY3JtaW5kYWxvLmNvbVwvcGFjXC93cC1jb250ZW50XC91cGxvYWRzXC8yMDI0XC8xMlwvZG9uYWNpb25lcy1wYWMubXA0IiwiYXV0b3BsYXkiOiIiLCJtb2RhbE9wdGlvbnMiOnsiaWQiOiJlbGVtZW50b3ItbGlnaHRib3gtOWEyZjMyOCIsImVudHJhbmNlQW5pbWF0aW9uIjoiIiwiZW50cmFuY2VBbmltYXRpb25fdGFibGV0IjoiIiwiZW50cmFuY2VBbmltYXRpb25fbW9iaWxlIjoiIiwidmlkZW9Bc3BlY3RSYXRpbyI6IjE2OSJ9LCJ2aWRlb1BhcmFtcyI6eyJjb250cm9scyI6IiIsInByZWxvYWQiOiJtZXRhZGF0YSIsImNvbnRyb2xzTGlzdCI6Im5vZG93bmxvYWQifX0%3D\">\n\t\t\t\t\t\t\t\t\t\t\t<img decoding=\"async\" width=\"60\" height=\"60\" src=\"https:\/\/crmindalo.com\/pac\/wp-content\/uploads\/2020\/08\/icon_play.png\" class=\"attachment-full size-full wp-image-1318\" alt=\"icon_play\" \/>\t\t\t\t\t\t\t\t\t\t\t\t\t\t<\/div>\n\t\t\t\t\t<\/div>\n\t\t\t\t<\/div>\n\t\t\t\t<\/div>\n\t\t\t\t\t<\/div>\n\t\t<\/div>\n\t\t\t\t<div class=\"elementor-column elementor-col-50 elementor-top-column elementor-element elementor-element-9c3681c\" data-id=\"9c3681c\" data-element_type=\"column\" data-settings=\"{&quot;background_background&quot;:&quot;classic&quot;}\">\n\t\t\t<div class=\"elementor-widget-wrap elementor-element-populated\">\n\t\t\t\t\t\t<div class=\"elementor-element elementor-element-27de2eb elementor-widget elementor-widget-text-editor\" data-id=\"27de2eb\" data-element_type=\"widget\" data-widget_type=\"text-editor.default\">\n\t\t\t\t<div class=\"elementor-widget-container\">\n\t\t\t\t\t\t\t<p>Nuestra Misi\u00f3n de Cambio<\/p>\t\t\t\t\t\t<\/div>\n\t\t\t\t<\/div>\n\t\t\t\t<div class=\"elementor-element elementor-element-4a4349e elementor-widget elementor-widget-heading\" data-id=\"4a4349e\" data-element_type=\"widget\" data-widget_type=\"heading.default\">\n\t\t\t\t<div class=\"elementor-widget-container\">\n\t\t\t<h2 class=\"elementor-heading-title elementor-size-default\">Tu apoyo es fundamental para construir un futuro m\u00e1s justo para todos los costarricenses.<\/h2>\t\t<\/div>\n\t\t\t\t<\/div>\n\t\t\t\t<div class=\"elementor-element elementor-element-87dc47d elementor-widget elementor-widget-ova_tabs\" data-id=\"87dc47d\" data-element_type=\"widget\" data-widget_type=\"ova_tabs.default\">\n\t\t\t\t<div class=\"elementor-widget-container\">\n\t\t\t\n\t\t<div class=\"tab-wrapper\">\n\n\t      <ul class=\"tab\">\n\t      \t\t      \t\t<li class=\"second_font\">\n\t      \t\t\t<a href=\"#1\">\n\t      \t\t\t\tNuestra Misi\u00f3n\t      \t\t\t<\/a>\n\t      \t\t<\/li>\n\t      \t\t      \t\t<li class=\"second_font\">\n\t      \t\t\t<a href=\"#2\">\n\t      \t\t\t\tNuestra Visi\u00f3n\t      \t\t\t<\/a>\n\t      \t\t<\/li>\n\t      \t\t      \t\t<li class=\"second_font\">\n\t      \t\t\t<a href=\"#3\">\n\t      \t\t\t\t Valores\t      \t\t\t<\/a>\n\t      \t\t<\/li>\n\t      \t\t      <\/ul>\n\n\t      <!-- Tab panes -->\n\t      <div class=\"tab-content\">\n\t      \t\t      \t\t<div class=\"tab-item\" id = \"1\">\n\t      \t\t\t<span>Monocle ipsum dolor sit amet exclusive essential uniforms, classic K-pop Tsutaya Boeing 787 Ginza. Boeing 787 vibrant Ginza Asia-Pacific non signature emerging Nordic Marylebone international smart cosy handson crafted bespoke tote bag boulevard. Mayor Andrew J. Simmons, an accomplished advocate <\/span>\n\t      \t\t\t<button><a class=\"ova_button second_font\" href=\"#\" >Ver M\u00e1s<\/a><\/button>\n\t      \t\t<\/div>\n\t      \t\t      \t\t<div class=\"tab-item\" id = \"2\">\n\t      \t\t\t<span>Monocle ipsum dolor sit amet exclusive essential uniforms, classic K-pop Tsutaya Boeing 787 Ginza. Mayor Andrew J. Simmons, an accomplished advocate for working people.  Boeing 787 vibrant Ginza Asia-Pacific non signature emerging Nordic Marylebone international smart cosy handson crafted bespoke tote .<\/span>\n\t      \t\t\t<button><a class=\"ova_button second_font\" href=\"#\" >Ver M\u00e1s<\/a><\/button>\n\t      \t\t<\/div>\n\t      \t\t      \t\t<div class=\"tab-item\" id = \"3\">\n\t      \t\t\t<span>Monocle ipsum dolor sit amet exclusive essential uniforms, classic K-pop Tsutaya Boeing 787 Ginza. Boeing 787 vibrant Ginza Asia-Pacific non                         signature emerging Nordic Marylebone international smart cosy handson crafted bespoke tote bag boulevard. Mayor Andrew J. Simmons, an  accomplished advocate <\/span>\n\t      \t\t\t<button><a class=\"ova_button second_font\" href=\"#\" >Ver M\u00e1s<\/a><\/button>\n\t      \t\t<\/div>\n\t      \t\t      <\/div>\n        \n    <\/div>\n\n\t\t\t\t<\/div>\n\t\t\t\t<\/div>\n\t\t\t\t\t<\/div>\n\t\t<\/div>\n\t\t\t\t\t<\/div>\n\t\t<\/section>\n\t\t\t\t<section class=\"elementor-section elementor-top-section elementor-element elementor-element-e6d06f7 elementor-section-boxed elementor-section-height-default elementor-section-height-default\" data-id=\"e6d06f7\" data-element_type=\"section\" data-settings=\"{&quot;background_background&quot;:&quot;classic&quot;}\">\n\t\t\t\t\t\t<div class=\"elementor-container elementor-column-gap-default\">\n\t\t\t\t\t<div class=\"elementor-column elementor-col-100 elementor-top-column elementor-element elementor-element-b6ba2c8\" data-id=\"b6ba2c8\" data-element_type=\"column\">\n\t\t\t<div class=\"elementor-widget-wrap elementor-element-populated\">\n\t\t\t\t\t\t<div class=\"elementor-element elementor-element-92689c5 elementor-widget elementor-widget-heading\" data-id=\"92689c5\" data-element_type=\"widget\" data-widget_type=\"heading.default\">\n\t\t\t\t<div class=\"elementor-widget-container\">\n\t\t\t<h2 class=\"elementor-heading-title elementor-size-default\">Contribuye al Cambio<\/h2>\t\t<\/div>\n\t\t\t\t<\/div>\n\t\t\t\t<div class=\"elementor-element elementor-element-3ab46f1 elementor-widget elementor-widget-ova_heading\" data-id=\"3ab46f1\" data-element_type=\"widget\" data-widget_type=\"ova_heading.default\">\n\t\t\t\t<div class=\"elementor-widget-container\">\n\t\t\t\t\t<div class=\"ova-heading\">\n\t\t\t\n\t\t\t\t\t\t\t<h3 class=\"title second_font\">\u00a1Gracias por tu apoyo<\/h3>\n\t\t\t\n\t\t\t\t\t\t\t<p class=\"sub-title \">Juntos, el pueblo logra m\u00e1s que lo que cualquier individuo podr\u00eda hacer solo.\nTu apoyo fortalece nuestro compromiso con un futuro de justicia, transparencia y bienestar para todos<\/p>\n\t\t\t\n\t\t<\/div>\n\t\t\t\t<\/div>\n\t\t\t\t<\/div>\n\t\t\t\t<div class=\"elementor-element elementor-element-a80c3ff donate_now elementor-widget elementor-widget-shortcode\" data-id=\"a80c3ff\" data-element_type=\"widget\" data-widget_type=\"shortcode.default\">\n\t\t\t\t<div class=\"elementor-widget-container\">\n\t\t\t\t\t<div class=\"elementor-shortcode\">\t<div id=\"give-form-3935-wrap\" class=\"give-form-wrap give-display-\">\n\t\t<div class=\"give_error give_warning\" id=\"give_error_test_mode\"><p><strong>Aviso:<\/strong> El modo de prueba est\u00e1 activado. Mientras est\u00e1 en modo de prueba, no se procesan las donaciones en vivo.<\/p><\/div>\t\t\t<form id=\"give-form-3935-1\" class=\"give-form give-form-3935 give-form-type-set\" action=\"https:\/\/crmindalo.com\/pac\/wp-json\/wp\/v2\/pages\/4343\/?payment-mode=manual&form-id=3935\" data-id=\"3935-1\" data-currency_symbol=\"&#8353;\" data-currency_code=\"CRC\" data-currency_position=\"before\" data-thousands_separator=\",\" data-decimal_separator=\".\" data-number_decimals=\"2\" method=\"post\">\n\t\t\t\t<!-- The following field is for robots only, invisible to humans: -->\n\t\t\t\t<span class=\"give-hidden\" style=\"display: none !important;\">\n\t\t\t\t\t<label for=\"give-form-honeypot-3935\"><\/label>\n\t\t\t\t\t<input id=\"give-form-honeypot-3935\" type=\"text\" name=\"give-honeypot\"\n\t\t\t\t\t\t   class=\"give-honeypot give-hidden\"\/>\n\t\t\t\t<\/span>\n\n\t\t\t\t\t<input type=\"hidden\" name=\"give-form-id-prefix\" value=\"3935-1\"\/>\n\t<input type=\"hidden\" name=\"give-form-id\" value=\"3935\"\/>\n\t<input type=\"hidden\" name=\"give-form-title\" value=\"Healthy Food Needed\"\/>\n\t<input type=\"hidden\" name=\"give-current-url\" value=\"https:\/\/crmindalo.com\/pac\/wp-json\/wp\/v2\/pages\/4343\/\"\/>\n\t<input type=\"hidden\" name=\"give-form-url\" value=\"https:\/\/crmindalo.com\/pac\/wp-json\/wp\/v2\/pages\/4343\/\"\/>\n\t<input type=\"hidden\"  name=\"give-form-hash\" value=\"7f69f74a66\" data-time=\"1777044399\" data-nonce-life=\"86400\" data-donor-session=\"0\"\/>\t\t<label class=\"give-hidden\" for=\"give-amount\">Cantidad a donar:<\/label>\n\t\t<input id=\"give-amount\" class=\"give-amount-hidden\" type=\"hidden\" name=\"give-amount\"\n\t\t\t   value=\"0\" required aria-required=\"true\"\/>\n\t\t<div class=\"set-price give-donation-amount form-row-wide\">\n\t\t\t<span class=\"give-currency-symbol give-currency-position-before\">&#8353;<\/span>\t\t\t<span id=\"give-amount-text\" class=\"give-text-input give-amount-top\">0<\/span>\n\t\t\t\t\t<\/div>\n\t\t<button type=\"button\" class=\"give-btn give-btn-\">Donar ahora<\/button>\n\t<fieldset id=\"give-payment-mode-select\">\n\t\t\t\t<legend\n\t\t\tclass=\"give-payment-mode-label\">Seleccionar el m\u00e9todo de pago\t\t\t<span class=\"give-loading-text\"><span\n\t\t\t\t\tclass=\"give-loading-animation\"><\/span>\n\t\t\t<\/span>\n\t\t<\/legend>\n\n\t\t<div id=\"give-payment-mode-wrap\">\n\t\t\t\t\t\t<ul id=\"give-gateway-radio-list\">\n\t\t\t\t\t\t\t\t\t\t<li class=\"give-gateway-option-selected\">\n\t\t\t\t\t\t\t<input type=\"radio\" name=\"payment-mode\" class=\"give-gateway\"\n\t\t\t\t\t\t\t\t   id=\"give-gateway-manual-3935-1\"\n\t\t\t\t\t\t\t\t   value=\"manual\" checked='checked'>\n\t\t\t\t\t\t\t<label for=\"give-gateway-manual-3935-1\"\n\t\t\t\t\t\t\t\t   class=\"give-gateway-option\"\n\t\t\t\t\t\t\t\t   id=\"give-gateway-option-manual\"> Donaci\u00f3n de prueba<\/label>\n\t\t\t\t\t\t<\/li>\n\t\t\t\t\t\t\t\t\t\t\t\t<li>\n\t\t\t\t\t\t\t<input type=\"radio\" name=\"payment-mode\" class=\"give-gateway\"\n\t\t\t\t\t\t\t\t   id=\"give-gateway-offline-3935-1\"\n\t\t\t\t\t\t\t\t   value=\"offline\">\n\t\t\t\t\t\t\t<label for=\"give-gateway-offline-3935-1\"\n\t\t\t\t\t\t\t\t   class=\"give-gateway-option\"\n\t\t\t\t\t\t\t\t   id=\"give-gateway-option-offline\"> Donaci\u00f3n offline<\/label>\n\t\t\t\t\t\t<\/li>\n\t\t\t\t\t\t\t\t\t<\/ul>\n\t\t\t\t\t<\/div>\n\t\t\t<\/fieldset>\n\n\t\n\t<div id=\"give_purchase_form_wrap\">\n\n\t\t\t<fieldset id=\"give_purchase_submit\" class=\"give-donation-submit\">\n\t\t\t<input type=\"hidden\" name=\"give_action\" value=\"purchase\"\/>\n\t<input type=\"hidden\" name=\"give-gateway\" value=\"manual\"\/>\n\t\t<div class=\"give-submit-button-wrap give-clearfix\">\n\t\t<input type=\"submit\" class=\"give-submit give-btn\" id=\"give-purchase-button\" name=\"give-purchase\"\n\t\t\t   value=\"Donar ahora\" data-before-validation-label=\"Donar ahora\"\/>\n\t\t<span class=\"give-loading-animation\"><\/span>\n\t<\/div>\n\t\t<\/fieldset>\n\t\n\t<\/div>\n\n\t\t\t\t<\/form>\n\n\t\t\t\n\t<\/div><!--end #give-form-3935-->\n\t<\/div>\n\t\t\t\t<\/div>\n\t\t\t\t<\/div>\n\t\t\t\t\t<\/div>\n\t\t<\/div>\n\t\t\t\t\t<\/div>\n\t\t<\/section>\n\t\t\t\t<section class=\"elementor-section elementor-top-section elementor-element elementor-element-78d1419 elementor-section-boxed elementor-section-height-default elementor-section-height-default\" data-id=\"78d1419\" data-element_type=\"section\">\n\t\t\t\t\t\t<div class=\"elementor-container elementor-column-gap-default\">\n\t\t\t\t\t<div class=\"elementor-column elementor-col-100 elementor-top-column elementor-element elementor-element-32623dc\" data-id=\"32623dc\" data-element_type=\"column\">\n\t\t\t<div class=\"elementor-widget-wrap elementor-element-populated\">\n\t\t\t\t\t\t<section class=\"elementor-section elementor-inner-section elementor-element elementor-element-bfd9239 elementor-section-boxed elementor-section-height-default elementor-section-height-default\" data-id=\"bfd9239\" data-element_type=\"section\">\n\t\t\t\t\t\t<div class=\"elementor-container elementor-column-gap-default\">\n\t\t\t\t\t<div class=\"elementor-column elementor-col-50 elementor-inner-column elementor-element elementor-element-55b6aa7\" data-id=\"55b6aa7\" data-element_type=\"column\">\n\t\t\t<div class=\"elementor-widget-wrap elementor-element-populated\">\n\t\t\t\t\t\t<div class=\"elementor-element elementor-element-7fc20bc elementor-widget elementor-widget-heading\" data-id=\"7fc20bc\" data-element_type=\"widget\" data-widget_type=\"heading.default\">\n\t\t\t\t<div class=\"elementor-widget-container\">\n\t\t\t<h2 class=\"elementor-heading-title elementor-size-default\">Raise your funds for a cause <br>\nthat you care<\/h2>\t\t<\/div>\n\t\t\t\t<\/div>\n\t\t\t\t\t<\/div>\n\t\t<\/div>\n\t\t\t\t<div class=\"elementor-column elementor-col-50 elementor-inner-column elementor-element elementor-element-d4ef644\" data-id=\"d4ef644\" data-element_type=\"column\">\n\t\t\t<div class=\"elementor-widget-wrap elementor-element-populated\">\n\t\t\t\t\t\t<div class=\"elementor-element elementor-element-3c65cee elementor-align-right egovt-button-color-border-header elementor-mobile-align-center elementor-widget elementor-widget-button\" data-id=\"3c65cee\" data-element_type=\"widget\" data-widget_type=\"button.default\">\n\t\t\t\t<div class=\"elementor-widget-container\">\n\t\t\t\t\t\t\t<div class=\"elementor-button-wrapper\">\n\t\t\t\t\t<a class=\"elementor-button elementor-button-link elementor-size-sm\" href=\"https:\/\/demo.ovatheme.com\/egovt\/donations\/\">\n\t\t\t\t\t\t<span class=\"elementor-button-content-wrapper\">\n\t\t\t\t\t\t\t\t\t<span class=\"elementor-button-text\">See all Causes<\/span>\n\t\t\t\t\t<\/span>\n\t\t\t\t\t<\/a>\n\t\t\t\t<\/div>\n\t\t\t\t\t\t<\/div>\n\t\t\t\t<\/div>\n\t\t\t\t\t<\/div>\n\t\t<\/div>\n\t\t\t\t\t<\/div>\n\t\t<\/section>\n\t\t\t\t<div class=\"elementor-element elementor-element-4ca86e1 elementor-widget elementor-widget-ova_give_donations\" data-id=\"4ca86e1\" data-element_type=\"widget\" data-widget_type=\"ova_give_donations.default\">\n\t\t\t\t<div class=\"elementor-widget-container\">\n\t\t\t\t\t\t<div class=\"element_give_donations\">\n\n\t\t\t\t<div class=\"archive_give_donation\">\n\t\t\t\t\t<div class=\"summary\">\n\t\t\t\t\t\t<div class=\"wrap_summary column_3\">\n\t\t\t\t\t\t\t\t\t\t\t\t\t\t\t\t\t\t\t\t\t\t\t<div class=\"give_detail\">\n\n\t\t\t\t\t\t\t\t\t<div class=\"image_future\">\n\t\t\t\t\t\t\t\t\t\t<div class=\"thumbnail\">\n\t\t\t\t\t\t\t\t\t\t\t\t\t\t\t\t\t\t\t\t\t<\/div>\n\n\t\t\t\t\t\t\t\t\t\t<div class=\"media\">\n\t\t\t\t\t\t\t\t\t\t\t<ul style=\"display: none;\">\n\t\t\t\t\t\t\t\t\t\t\t\t\t\t\t\t\t\t\t\t\t\t\t<\/ul>\n\t\t\t\t\t\t\t\t\t\t\t<a href=\"javascript:;\" data-fancybox-trigger=\"6811\" class=\"gallery\" title=\"Donation Gallery\"><i class=\"icon_images\"><\/i><\/a>\n\t\t\t\t\t\t\t\t\t\t\t<a href=\"javascript:;\" class=\"video\" title=\"Donation Video\"><i class=\"icon_film\"><\/i><\/a>\n\t\t\t\t\t\t\t\t\t\t<\/div>\n\n\t\t\t\t\t\t\t\t\t<\/div>\n\t\t\t\t\t\t\t\t\t\n\t\t\t\t\t\t\t\t\t<div class=\"detail_body\">\n\n\t\t\t\t\t\t\t\t\t\t<h3 class=\"second_font title\"><a href=\"https:\/\/crmindalo.com\/pac\/donations\/healthy-food-needed-2\/\">Healthy Food Needed<\/a><\/h3>\n\n\t\t\t\t\t\t\t\t\t\t<p class=\"desc\">Our Peoples save and health coordination values for people affected by improves...<\/p>\n\n\n\t\t\t\t\t\t\t\t\t\t\n\n\t\t\t\t\t\t\t\t\t\t<div class=\"raised\">\n\t\t\t\t\t\t\t\t\t\t\t<div class=\"income\">\n\t\t\t\t\t\t\t\t\t\t\t\t<span class=\"second_font\">Raised<\/span>\n\t\t\t\t\t\t\t\t\t\t\t\t<span>&#8353; 0<\/span>\n\t\t\t\t\t\t\t\t\t\t\t<\/div>\n\n\t\t\t\t\t\t\t\t\t\t\t<span class=\"ingo\">\/<\/span>\n\n\t\t\t\t\t\t\t\t\t\t\t\t\t\t\t\t\t\t\t\t\t<\/div>\n\n\n\t\t\t\t\t\t\t\t\t\t<div class=\"donate_remaining\">\n\t\t\t\t\t\t\t\t\t\t\t<a href=\"https:\/\/crmindalo.com\/pac\/donations\/healthy-food-needed-2\/\" class=\"donate second_font\">Donate Now<\/a>\n\t\t\t\t\t\t\t\t\t\t<\/div>\n\n\n\t\t\t\t\t\t\t\t\t<\/div>\n\t\t\t\t\t\t\t\t<\/div>\n\t\t\t\t\t\t\t\t\t\t\t\t\t\t\t\t\t\t\t\t\t\t\t<div class=\"give_detail\">\n\n\t\t\t\t\t\t\t\t\t<div class=\"image_future\">\n\t\t\t\t\t\t\t\t\t\t<div class=\"thumbnail\">\n\t\t\t\t\t\t\t\t\t\t\t\t\t\t\t\t\t\t\t\t\t<\/div>\n\n\t\t\t\t\t\t\t\t\t\t<div class=\"media\">\n\t\t\t\t\t\t\t\t\t\t\t<ul style=\"display: none;\">\n\t\t\t\t\t\t\t\t\t\t\t\t\t\t\t\t\t\t\t\t\t\t\t<\/ul>\n\t\t\t\t\t\t\t\t\t\t\t<a href=\"javascript:;\" data-fancybox-trigger=\"6603\" class=\"gallery\" title=\"Donation Gallery\"><i class=\"icon_images\"><\/i><\/a>\n\t\t\t\t\t\t\t\t\t\t\t<a href=\"javascript:;\" class=\"video\" title=\"Donation Video\"><i class=\"icon_film\"><\/i><\/a>\n\t\t\t\t\t\t\t\t\t\t<\/div>\n\n\t\t\t\t\t\t\t\t\t<\/div>\n\t\t\t\t\t\t\t\t\t\n\t\t\t\t\t\t\t\t\t<div class=\"detail_body\">\n\n\t\t\t\t\t\t\t\t\t\t<h3 class=\"second_font title\"><a href=\"https:\/\/crmindalo.com\/pac\/donations\/formulario-de-donacion-de-givewp\/\">Formulario de donaci\u00f3n<\/a><\/h3>\n\n\t\t\t\t\t\t\t\t\t\t<p class=\"desc\">[]<\/p>\n\n\n\t\t\t\t\t\t\t\t\t\t\t\t\t\t\t\t\t\t\t\t\t<div class=\"progress\">\n\t\t\t\t\t\t\t\t\t\t\t\t\t\t\t\t\t\t\t\t\t\t\t\t\t<span class=\"wrap_percentage_1\" style=\"width: 0%; \">\n\t\t\t\t\t\t\t\t\t\t\t\t\t\t<span class=\"percentage\">0%<\/span>\n\t\t\t\t\t\t\t\t\t\t\t\t\t<\/span>\n\t\t\t\t\t\t\t\t\t\t\t\t\n\t\t\t\t\t\t\t\t\t\t\t<\/div>\n\t\t\t\t\t\t\t\t\t\t\n\n\t\t\t\t\t\t\t\t\t\t<div class=\"raised\">\n\t\t\t\t\t\t\t\t\t\t\t<div class=\"income\">\n\t\t\t\t\t\t\t\t\t\t\t\t<span class=\"second_font\">Raised<\/span>\n\t\t\t\t\t\t\t\t\t\t\t\t<span>&#8353; 0<\/span>\n\t\t\t\t\t\t\t\t\t\t\t<\/div>\n\n\t\t\t\t\t\t\t\t\t\t\t<span class=\"ingo\">\/<\/span>\n\n\t\t\t\t\t\t\t\t\t\t\t\t\t\t\t\t\t\t\t\t\t\t\t<div class=\"goal\">\n\t\t\t\t\t\t\t\t\t\t\t\t\t<span class=\"second_font\">Goal<\/span>\n\t\t\t\t\t\t\t\t\t\t\t\t\t<span>&#8353; 1,000.00<\/span>\n\t\t\t\t\t\t\t\t\t\t\t\t<\/div>\n\t\t\t\t\t\t\t\t\t\t\t\t\t\t\t\t\t\t\t\t\t<\/div>\n\n\n\t\t\t\t\t\t\t\t\t\t<div class=\"donate_remaining\">\n\t\t\t\t\t\t\t\t\t\t\t<a href=\"https:\/\/crmindalo.com\/pac\/donations\/formulario-de-donacion-de-givewp\/\" class=\"donate second_font\">Donate Now<\/a>\n\t\t\t\t\t\t\t\t\t\t<\/div>\n\n\n\t\t\t\t\t\t\t\t\t<\/div>\n\t\t\t\t\t\t\t\t<\/div>\n\t\t\t\t\t\t\t\t\t\t\t\t\t\t\t\t\t\t\t\t\t\t\t<div class=\"give_detail\">\n\n\t\t\t\t\t\t\t\t\t<div class=\"image_future\">\n\t\t\t\t\t\t\t\t\t\t<div class=\"thumbnail\">\n\t\t\t\t\t\t\t\t\t\t\t\t\t\t\t\t\t\t\t\t\t<\/div>\n\n\t\t\t\t\t\t\t\t\t\t<div class=\"media\">\n\t\t\t\t\t\t\t\t\t\t\t<ul style=\"display: none;\">\n\t\t\t\t\t\t\t\t\t\t\t\t\t\t\t\t\t\t\t\t\t\t\t<\/ul>\n\t\t\t\t\t\t\t\t\t\t\t<a href=\"javascript:;\" data-fancybox-trigger=\"4463\" class=\"gallery\" title=\"Donation Gallery\"><i class=\"icon_images\"><\/i><\/a>\n\t\t\t\t\t\t\t\t\t\t\t<a href=\"javascript:;\" class=\"video\" title=\"Donation Video\"><i class=\"icon_film\"><\/i><\/a>\n\t\t\t\t\t\t\t\t\t\t<\/div>\n\n\t\t\t\t\t\t\t\t\t<\/div>\n\t\t\t\t\t\t\t\t\t\n\t\t\t\t\t\t\t\t\t<div class=\"detail_body\">\n\n\t\t\t\t\t\t\t\t\t\t<h3 class=\"second_font title\"><a href=\"https:\/\/crmindalo.com\/pac\/donations\/big-charity-child-fund\/\">Big charity: Child Fund<\/a><\/h3>\n\n\t\t\t\t\t\t\t\t\t\t<p class=\"desc\">Children believes every child deserves a future-in the world, give children...<\/p>\n\n\n\t\t\t\t\t\t\t\t\t\t\t\t\t\t\t\t\t\t\t\t\t<div class=\"progress\">\n\t\t\t\t\t\t\t\t\t\t\t\t\t\t\t\t\t\t\t\t\t\t\t\t\t<span class=\"wrap_percentage_1\" style=\"width: 0%; \">\n\t\t\t\t\t\t\t\t\t\t\t\t\t\t<span class=\"percentage\">0%<\/span>\n\t\t\t\t\t\t\t\t\t\t\t\t\t<\/span>\n\t\t\t\t\t\t\t\t\t\t\t\t\n\t\t\t\t\t\t\t\t\t\t\t<\/div>\n\t\t\t\t\t\t\t\t\t\t\n\n\t\t\t\t\t\t\t\t\t\t<div class=\"raised\">\n\t\t\t\t\t\t\t\t\t\t\t<div class=\"income\">\n\t\t\t\t\t\t\t\t\t\t\t\t<span class=\"second_font\">Raised<\/span>\n\t\t\t\t\t\t\t\t\t\t\t\t<span>&#8353; 0<\/span>\n\t\t\t\t\t\t\t\t\t\t\t<\/div>\n\n\t\t\t\t\t\t\t\t\t\t\t<span class=\"ingo\">\/<\/span>\n\n\t\t\t\t\t\t\t\t\t\t\t\t\t\t\t\t\t\t\t\t\t\t\t<div class=\"goal\">\n\t\t\t\t\t\t\t\t\t\t\t\t\t<span class=\"second_font\">Goal<\/span>\n\t\t\t\t\t\t\t\t\t\t\t\t\t<span>&#8353; 0<\/span>\n\t\t\t\t\t\t\t\t\t\t\t\t<\/div>\n\t\t\t\t\t\t\t\t\t\t\t\t\t\t\t\t\t\t\t\t\t<\/div>\n\n\n\t\t\t\t\t\t\t\t\t\t<div class=\"donate_remaining\">\n\t\t\t\t\t\t\t\t\t\t\t<a href=\"https:\/\/crmindalo.com\/pac\/donations\/big-charity-child-fund\/\" class=\"donate second_font\">Donate Now<\/a>\n\t\t\t\t\t\t\t\t\t\t<\/div>\n\n\n\t\t\t\t\t\t\t\t\t<\/div>\n\t\t\t\t\t\t\t\t<\/div>\n\t\t\t\t\t\t\t\t\t\t\t\t\t<\/div>\n\t\t\t\t\t<\/div>\n\t\t\t\t<\/div>\n\t\t\t<\/div>\n\n\t\t\t\t\t<\/div>\n\t\t\t\t<\/div>\n\t\t\t\t\t<\/div>\n\t\t<\/div>\n\t\t\t\t\t<\/div>\n\t\t<\/section>\n\t\t\t\t<section class=\"elementor-section elementor-top-section elementor-element elementor-element-e0a6a97 elementor-section-boxed elementor-section-height-default elementor-section-height-default\" data-id=\"e0a6a97\" data-element_type=\"section\">\n\t\t\t\t\t\t<div class=\"elementor-container elementor-column-gap-default\">\n\t\t\t\t\t<div class=\"elementor-column elementor-col-100 elementor-top-column elementor-element elementor-element-2a156ff\" data-id=\"2a156ff\" data-element_type=\"column\">\n\t\t\t<div class=\"elementor-widget-wrap elementor-element-populated\">\n\t\t\t\t\t\t<div class=\"elementor-element elementor-element-2eb479c elementor-widget elementor-widget-heading\" data-id=\"2eb479c\" data-element_type=\"widget\" data-widget_type=\"heading.default\">\n\t\t\t\t<div class=\"elementor-widget-container\">\n\t\t\t<h2 class=\"elementor-heading-title elementor-size-default\">Do you need help?<\/h2>\t\t<\/div>\n\t\t\t\t<\/div>\n\t\t\t\t<div class=\"elementor-element elementor-element-f56abfe elementor-widget elementor-widget-ova_heading\" data-id=\"f56abfe\" data-element_type=\"widget\" data-widget_type=\"ova_heading.default\">\n\t\t\t\t<div class=\"elementor-widget-container\">\n\t\t\t\t\t<div class=\"ova-heading\">\n\t\t\t\n\t\t\t\t\t\t\t<h3 class=\"title second_font\">If you have any question, <br>\nFeel free to call us<\/h3>\n\t\t\t\n\t\t\t\t\t\t\t<p class=\"sub-title \">Call Us Today At 1-800-500-7600 We are available to help 24 hours.<\/p>\n\t\t\t\n\t\t<\/div>\n\t\t\t\t<\/div>\n\t\t\t\t<\/div>\n\t\t\t\t<div class=\"elementor-element elementor-element-22f573f elementor-align-center elementor-widget elementor-widget-button\" data-id=\"22f573f\" data-element_type=\"widget\" data-widget_type=\"button.default\">\n\t\t\t\t<div class=\"elementor-widget-container\">\n\t\t\t\t\t\t\t<div class=\"elementor-button-wrapper\">\n\t\t\t\t\t<a class=\"elementor-button elementor-button-link elementor-size-sm\" href=\"https:\/\/demo.ovatheme.com\/egovt\/contact-1\/\">\n\t\t\t\t\t\t<span class=\"elementor-button-content-wrapper\">\n\t\t\t\t\t\t\t\t\t<span class=\"elementor-button-text\">Contact Us Now<\/span>\n\t\t\t\t\t<\/span>\n\t\t\t\t\t<\/a>\n\t\t\t\t<\/div>\n\t\t\t\t\t\t<\/div>\n\t\t\t\t<\/div>\n\t\t\t\t\t<\/div>\n\t\t<\/div>\n\t\t\t\t\t<\/div>\n\t\t<\/section>\n\t\t\t\t<\/div>\n\t\t","protected":false},"excerpt":{"rendered":"<p>https:\/\/crmindalo.com\/pac\/wp-content\/uploads\/2024\/12\/donaciones-pac.mp4 Nuestra Misi\u00f3n de Cambio Tu apoyo es fundamental para construir un futuro m\u00e1s justo para todos los costarricenses. Nuestra Misi\u00f3n Nuestra Visi\u00f3n Valores Monocle ipsum dolor sit amet exclusive essential uniforms, classic K-pop Tsutaya Boeing 787 Ginza. Boeing 787 vibrant Ginza Asia-Pacific non signature emerging Nordic Marylebone international smart cosy handson crafted bespoke tote [&hellip;]<\/p>\n","protected":false},"author":1,"featured_media":4348,"parent":0,"menu_order":0,"comment_status":"closed","ping_status":"closed","template":"elementor_header_footer","meta":{"footnotes":""},"class_list":["post-4343","page","type-page","status-publish","has-post-thumbnail","hentry"],"_links":{"self":[{"href":"https:\/\/crmindalo.com\/pac\/wp-json\/wp\/v2\/pages\/4343","targetHints":{"allow":["GET"]}}],"collection":[{"href":"https:\/\/crmindalo.com\/pac\/wp-json\/wp\/v2\/pages"}],"about":[{"href":"https:\/\/crmindalo.com\/pac\/wp-json\/wp\/v2\/types\/page"}],"author":[{"embeddable":true,"href":"https:\/\/crmindalo.com\/pac\/wp-json\/wp\/v2\/users\/1"}],"replies":[{"embeddable":true,"href":"https:\/\/crmindalo.com\/pac\/wp-json\/wp\/v2\/comments?post=4343"}],"version-history":[{"count":18,"href":"https:\/\/crmindalo.com\/pac\/wp-json\/wp\/v2\/pages\/4343\/revisions"}],"predecessor-version":[{"id":6754,"href":"https:\/\/crmindalo.com\/pac\/wp-json\/wp\/v2\/pages\/4343\/revisions\/6754"}],"wp:featuredmedia":[{"embeddable":true,"href":"https:\/\/crmindalo.com\/pac\/wp-json\/wp\/v2\/media\/4348"}],"wp:attachment":[{"href":"https:\/\/crmindalo.com\/pac\/wp-json\/wp\/v2\/media?parent=4343"}],"curies":[{"name":"wp","href":"https:\/\/api.w.org\/{rel}","templated":true}]}}